{"id":707,"date":"2018-10-01T10:30:35","date_gmt":"2018-10-01T08:30:35","guid":{"rendered":"http:\/\/vibrations-spirituelles.fr\/?page_id=707"},"modified":"2019-07-02T18:15:35","modified_gmt":"2019-07-02T16:15:35","slug":"mentions-legales-cgv","status":"publish","type":"page","link":"https:\/\/vibrations-spirituelles.fr\/index.php\/mentions-legales-cgv\/","title":{"rendered":"Mentions l\u00e9gales-CGV"},"content":{"rendered":"<p>Les pr\u00e9sentes Conditions G\u00e9n\u00e9rales d&#8217;Utilisation d\u00e9terminent les r\u00e8gles d\u2019acc\u00e8s au site www.vibrations-spirituelles.fr (le \u00ab Site \u00bb) et ses conditions d\u2019utilisation que l\u2019Utilisateur reconna\u00eet accepter, sans r\u00e9serve, du seul fait de sa connexion au Site.<\/p>\n<h2>D\u00c9FINITIONS<\/h2>\n<h3>L&#8217;\u00e9diteur :<\/h3>\n<p>Le Site est la propri\u00e9t\u00e9 de Moreau Valentin, inscrit au registre des auto-entrepreneurs sous le num\u00e9ro 791 195 217 00033.<\/p>\n<p class=\"adressText\">Le Service Client du Site est joignable au :\u00a001.77.62.03.67<\/p>\n<h3>L&#8217;utilisateur :<\/h3>\n<p>Toute personne ayant acc\u00e8s au Site, quels que soient sa qualit\u00e9 (particulier ou professionnel), le lieu o\u00f9 elle se trouve, les modalit\u00e9s de connexion au Site, l\u2019objet et la finalit\u00e9 de son acc\u00e8s \u00e0 l\u2019information publi\u00e9e sur le Site, est un utilisateur (ci-apr\u00e8s \u00ab Utilisateur \u00bb) du Site.<\/p>\n<h3>L&#8217;h\u00e9bergeur :<\/h3>\n<p>L&#8217;h\u00e9bergeur de ce site est ovh.com<\/p>\n<h3>Article 1 : Objet<\/h3>\n<p>Les Conditions G\u00e9n\u00e9rales d\u2019Utilisation ont pour objet de d\u00e9finir les modalit\u00e9s d\u2019acc\u00e8s et d\u2019usage du site\u00a0www.vibrations-spirituelles.fr et de ses fonctionnalit\u00e9s.<\/p>\n<h3>Article 2 : Perturbations du service<\/h3>\n<p>L\u2019Utilisateur est inform\u00e9 des risques inh\u00e9rents \u00e0 l\u2019Internet, tout particuli\u00e8rement en termes de :<br \/>\n\u2022 D\u00e9faut de s\u00e9curit\u00e9 dans la transmission des donn\u00e9es,<br \/>\n\u2022 Continuit\u00e9 non garantie dans l\u2019acc\u00e8s au Site ou aux diff\u00e9rents services offerts par le Site.<\/p>\n<p>En aucun cas, l\u2019Editeur ne saurait \u00eatre tenu responsable de ces risques et de leurs cons\u00e9quences pr\u00e9judiciables, quelle qu\u2019en soit l\u2019\u00e9tendue, pour l\u2019Utilisateur. Il appartient \u00e0 chaque Utilisateur de prendre toutes les mesures appropri\u00e9es de fa\u00e7on \u00e0 prot\u00e9ger ses propres donn\u00e9es, logiciels et mat\u00e9riels de la contamination par des virus ou autres formes d\u2019attaques circulant \u00e9ventuellement \u00e0 travers le Site ou les informations publi\u00e9es.<\/p>\n<p>L\u2019Editeur ne saurait voir engager sa responsabilit\u00e9 en cas d\u2019interruption, perturbation, latence, ni erreur r\u00e9sultant d\u2019une op\u00e9ration de maintenance r\u00e9alis\u00e9e en vue d\u2019assurer le bon fonctionnement du site, ni en raison de comportements d\u2019utilisateurs, de tout autre fait hors de son contr\u00f4le, ou encore d\u2019\u00e9v\u00e8nements rev\u00eatant le caract\u00e8re de la Force Majeure.<\/p>\n<p>L\u2019Utilisateur ne saurait se pr\u00e9valoir d\u2019aucune difficult\u00e9 d\u2019acc\u00e8s au Site en fraude des pr\u00e9sentes Conditions G\u00e9n\u00e9rales d&#8217;Utilisation.<\/p>\n<p>Pour \u00eatre prises en compte, les r\u00e9clamations de l\u2019Utilisateur devront \u00eatre formul\u00e9es par mail, \u00e0 l&#8217;adresse suivante : <a href=\"mailto:vibrationsspirituelles@hotmail.com\">vibrationsspirituelles@hotmail.com<\/a> ; ou en joignant notre secr\u00e9tariat par t\u00e9l\u00e9phone au 01.77.62.03.67.<\/p>\n<h3>Article 3 : Contenu du site et marques<\/h3>\n<p>On entend par Contenu du Site (\u00ab Contenu \u00bb) la structure g\u00e9n\u00e9rale, les textes, les images anim\u00e9es ou non, et les sons dont le Site est compos\u00e9.<\/p>\n<p>Toute repr\u00e9sentation, reproduction, totale ou partielle de ce Site et de son Contenu, par quelques proc\u00e9d\u00e9s que ce soient, sans autorisation pr\u00e9alable expresse de la Soci\u00e9t\u00e9 et\/ou de l\u2019ayant droit en cause, est illicite au sens de l\u2019article L. 122-4 du Code de la Propri\u00e9t\u00e9 Intellectuelle et constituerait une contrefa\u00e7on sanctionn\u00e9e par les articles L. 335-2 et suivants du m\u00eame code.<\/p>\n<p>En outre, les marques de l\u2019Editeur figurant sur le Site sont des marques d\u00e9pos\u00e9es. Toute reproduction totale ou partielle de ces marques sans autorisation expresse d\u2019Editeur et\/ou des ayants droits en cause est donc prohib\u00e9e.<\/p>\n<p>Les liens hypertextes ins\u00e9r\u00e9s sur le Site en direction d&#8217;autres ressources pr\u00e9sentes sur le r\u00e9seau Internet, ne sauraient engager la responsabilit\u00e9 de l\u2019Editeur.<\/p>\n<h3>Article 4 : Cookies<\/h3>\n<p>Les utilisateurs sont inform\u00e9s que, lors de leur visite sur ce site, des cookies peuvent s\u2019installer automatiquement sur leur logiciel de navigation.<\/p>\n<h3>Article 5 : Moyens mis en \u0153uvre pour lutter contre les activit\u00e9s illicites<\/h3>\n<p>Tout Utilisateur reconna\u00eet \u00eatre inform\u00e9 qu\u2019une mod\u00e9ration \u00e0 posteriori est mise en \u0153uvre pour contr\u00f4ler, supprimer ou modifier les contenus publi\u00e9s qui appara\u00eetraient contraires aux lois et r\u00e8glements en vigueur, ou qui auraient \u00e9t\u00e9 signal\u00e9s comme tel par l\u2019autorit\u00e9 judiciaire.<\/p>\n<p>Tout Utilisateur reconna\u00eet \u00eatre inform\u00e9 qu\u2019un dispositif d\u2019alerte est mis \u00e0 tout moment \u00e0 la disposition de toute personne qui d\u00e9sirerait signaler la publication de tout message \u00e0 caract\u00e8re litigieux dont elle aurait connaissance notamment ceux qui rel\u00e8veraient des infractions pr\u00e9vues aux articles 24 alin\u00e9as 5 et 8 de la loi sur la presse et 227-23 du Code P\u00e9nal tels que l\u2019apologie des crimes contre l\u2019humanit\u00e9, l\u2019incitation \u00e0 la haine raciale, la pornographie enfantine, conform\u00e9ment aux dispositions pr\u00e9vues par l\u2019article 6 &#8211; I &#8211; 7 alin\u00e9as 3 et 4 de la loi pour La Confiance dans l\u2019Economie Num\u00e9rique du 21 juin 2004.<\/p>\n<h3>Article 6 : Modifications des Conditions G\u00e9n\u00e9rales d\u2019Utilisation<\/h3>\n<p>L\u2019Editeur peut \u00e0 tout moment modifier les termes des pr\u00e9sentes Conditions G\u00e9n\u00e9rales d\u2019Utilisation. Ces modifications engagent l\u2019Utilisateur d\u00e8s leurs mises en ligne. Il est en cons\u00e9quence recommand\u00e9 \u00e0 l\u2019Utilisateur de consulter r\u00e9guli\u00e8rement les Conditions G\u00e9n\u00e9rales d\u2019Utilisation afin de prendre connaissance de ces nouvelles conditions.<\/p>\n<h3>Article 7 : Prestations de consultation directe sur www.vibrations-spirituelles.fr<\/h3>\n<p>Le pr\u00e9sent article a pour objet de d\u00e9terminer les modalit\u00e9s de consultation ainsi que les conditions tarifaires des services de consultation directe du site.<\/p>\n<p>Ces services de consultations directes sont disponibles au travers des rubriques respectives \u00ab Consultations de voyance par t\u00e9l\u00e9phone et par tchat en priv\u00e9 CB\u00bb et \u00ab Consultation de voyance par audiotel \u00bb<\/p>\n<h4>7.1 Consultation en direct par T\u00e9l\u00e9phone<\/h4>\n<p>&#8211; La tarification est fix\u00e9e de 1.50\u20ac\u00a0 \u00e0 4\u20ac la minute selon le choix du medium.<\/p>\n<h4>7.2 Consultation en direct par Tchat<\/h4>\n<p>&#8211; La tarification est ici fix\u00e9e \u00e0 1.50 \u20ac \/ minute.<\/p>\n<p>Le Tchat est une option disponible ou non selon le choix des mediums de VIBRATIONS SPIRITUELLES.<\/p>\n<h4>7.3 Consultation de voyance par \u00ab audiotel \u00bb<\/h4>\n<p>Appel surtax\u00e9 \u00e0 0.60 cts \/ minute pr\u00e9lev\u00e9 sur votre facture t\u00e9l\u00e9phonique.<\/p>\n<h4>7.4 Droit de r\u00e9tractation<\/h4>\n<p>Une fois la consultation effectu\u00e9e, le client ne b\u00e9n\u00e9fice d&#8217;aucune possibilit\u00e9 de r\u00e9tractation.<\/p>\n<h3>Article 8 : Modalit\u00e9s de paiement et de s\u00e9curisation<\/h3>\n<h4>8.1 Paiement par Carte Bancaire<\/h4>\n<p>vibrations-spirituelles.fr vous propose de consulter des experts en direct et de r\u00e9aliser l\u2019achat de biens mat\u00e9riels au travers de sa boutique en ligne.\u00a0 Le r\u00e8glement de ces prestations par l\u2019Utilisateur s\u2019effectue par carte bancaire uniquement.<\/p>\n<h4>8.2 S\u00e9curisation des paiements par Carte Bancaire<\/h4>\n<p>Avant chaque mise en relation avec l\u2019un de nos consultants, un montant forfaitaire s\u2019\u00e9levant \u00e0 1,00 \u20ac sera pr\u00e9lev\u00e9 de mani\u00e8re fictive sur la carte bancaire de l\u2019Utilisateur au titre des op\u00e9rations de s\u00e9curisation et de v\u00e9rification du paiement.<br \/>\nCe co\u00fbt de s\u00e9curisation forfaitaire n\u2019est pas factur\u00e9 \u00e0 l\u2019Utilisateur.<\/p>\n<h3>Article 9 : Acceptation globale des conditions g\u00e9n\u00e9rales<\/h3>\n<p>L\u2019Utilisateur s\u2019engage \u00e0 accepter les pr\u00e9sentes Conditions G\u00e9n\u00e9rales d\u2019Utilisation dans toutes leurs dispositions sans aucune exception, ni r\u00e9serve.<\/p>\n<h3>Article 10 : Nullit\u00e9 partielle<\/h3>\n<p>La nullit\u00e9 d\u2019une des clauses des Conditions G\u00e9n\u00e9rales ne saurait entra\u00eener la nullit\u00e9 de l\u2019ensemble des dispositions.<\/p>\n<h3>Article 11 : Loi applicable et comp\u00e9tence juridictionnelle<\/h3>\n<p>Le non-respect par l\u2019Utilisateur, quelle que soit sa localisation, de l\u2019une quelconque des dispositions des pr\u00e9sentes Conditions G\u00e9n\u00e9rales d\u2019Utilisation et de fa\u00e7on plus g\u00e9n\u00e9rale toute difficult\u00e9 touchant \u00e0 son ex\u00e9cution, son interpr\u00e9tation ou sa validit\u00e9, sont soumis \u00e0 la loi Fran\u00e7aise et aux juridictions fran\u00e7aises.<\/p>\n<h3>D\u00e9ontologie<\/h3>\n<p>Les consultations des experts s\u2019inscrivent dans le cadre d\u2019une pratique raisonn\u00e9e des Arts Divinatoires. Nos consultants s\u2019engagent \u00e0 d\u00e9livrer des r\u00e9ponses claires et circonstanci\u00e9es aux \u00e9l\u00e9ments \u00e9voqu\u00e9s par leurs interlocuteurs, sans jamais chercher \u00e0 faire durer la conversation en vue d\u2019augmenter de mani\u00e8re injustifi\u00e9e le co\u00fbt de la communication. Le voyant ne doit en aucun cas dire \u00e0 sa client\u00e8le ce qu&#8217;elle doit faire ; de m\u00eame, la plateforme n&#8217;est pas tenue responsable des propos que le voyant pourrait avoir. Cependant, le client peut faire parvenir son avis \u00e0 la plateforme qui s&#8217;engage \u00e0 tous les prendre en compte.<\/p>\n<h3>Article 1 \u2013 S\u00e9curit\u00e9<\/h3>\n<p>L\u2019\u00e9quipe de vibrations-spirituelles.fr travaille avec un centre de gestion qui proc\u00e8de syst\u00e9matiquement \u00e0 la s\u00e9curisation de vos coordonn\u00e9es bancaires avant de vous mettre en relation avec un consultant. Ces coordonn\u00e9es seront d\u00e9truites apr\u00e8s acquittement du montant de la consultation.<\/p>\n<h3>Article 2 \u2013 Qualit\u00e9<\/h3>\n<p>L&#8217;\u00e9quipe se porte garante de la fiabilit\u00e9 des experts qu\u2019elle a s\u00e9lectionn\u00e9s avec la plus grande attention pour vous. Leurs engagements sont de vous apporter leur savoir- faire et vous offrir une prestation de qualit\u00e9 avant tout.<\/p>\n<h3>Article 3 \u2013 El\u00e9ments confidentiels<\/h3>\n<p>Tous les \u00e9l\u00e9ments qui seront trait\u00e9s au cours de la consultation resteront dans un cadre totalement confidentiel dans lequel vous pourrez vous exprimer en toute confiance. L\u2019Equipe s\u2019engage \u00e0 ne divulguer aucune de ces informations.<\/p>\n<h3>Article 4 \u2013 Sinc\u00e9rit\u00e9<\/h3>\n<p>L\u2019\u00e9quipe\u00a0 s\u2019engage \u00e0 mettre en place une consultation d\u2019astrologie et coaching en toute honn\u00eatet\u00e9. Cet engagement concerne la fid\u00e9lit\u00e9 des propos soutenus par le consultant et la garantie de ne pas vous diriger vers un th\u00e8me ou un sujet oppos\u00e9 \u00e0 celui pour lequel vous le contacter.<\/p>\n<h3>Article 5 \u2013 Vigilance<\/h3>\n<p>L\u2019\u00e9quipe s\u2019engage \u00e0 rester vigilante dans ses r\u00e9ponses. Les sp\u00e9cialistes sont pr\u00e9sents pour apporter leur aide, leur soutien et leur exp\u00e9rience mais en aucun cas pour faire le tri entre le positif et le n\u00e9gatif ou encore dire \u00e0 la client\u00e8le ce qu&#8217;elle a envie d\u2019entendre. Ceci afin de ne pas donner de faux espoirs, de ne porter aucun regard sur le consultant ou une autre personne, ni de faire des pr\u00e9dictions improbables.<\/p>\n<h3>Article 6 \u2013 Ethique<\/h3>\n<p>L\u2019\u00e9quipe se prive de r\u00e9pondre aux sujets contraires \u00e0 l\u2019\u00e9thique et aux bonnes m\u0153urs. C\u2019est la raison pour laquelle les questions li\u00e9es au domaine de la sant\u00e9 (maladies graves, diagnostics, etc.) et celles li\u00e9es au domaine de la mort ne seront jamais envisag\u00e9es. Dans le m\u00eame cas, aucun travail occulte ne sera exerc\u00e9 ou \u00e9voqu\u00e9 durant la consultation.<\/p>\n<h3>Article 7 \u2013 Respect des mineurs<\/h3>\n<p>L\u2019\u00e9quipe s\u2019engage \u00e0 ne pas mettre en place une consultation avec une personne \u00e2g\u00e9e de moins de 18 ans.<\/p>\n<h3>Article 8 \u2013 Honn\u00eatet\u00e9<\/h3>\n<p>Enfin, l\u2019Equipe se r\u00e9serve le droit de reporter \u00e0 plus tard ou d\u2019annuler une consultation si aucun ressenti n\u2019est pr\u00e9sent en ce qui vous concerne.<\/p>\n","protected":false},"excerpt":{"rendered":"<p>Les pr\u00e9sentes Conditions G\u00e9n\u00e9rales d&#8217;Utilisation d\u00e9terminent les r\u00e8gles d\u2019acc\u00e8s au site www.vibrations-spirituelles.fr (le \u00ab Site \u00bb) et ses conditions d\u2019utilisation que l\u2019Utilisateur reconna\u00eet accepter, sans r\u00e9serve, du seul fait de <a href=\"https:\/\/vibrations-spirituelles.fr\/index.php\/mentions-legales-cgv\/\" class=\"more-link\">[&hellip;]<\/a><\/p>\n","protected":false},"author":1,"featured_media":0,"parent":0,"menu_order":0,"comment_status":"closed","ping_status":"closed","template":"","meta":{"Layout":"","footnotes":""},"class_list":["entry","author-admin5388","post-707","page","type-page","status-publish"],"yoast_head":"<!-- This site is optimized with the Yoast SEO plugin v27.1.1 - https:\/\/yoast.com\/product\/yoast-seo-wordpress\/ -->\n<title>Mentions l\u00e9gales-CGV - Vibrations Spirituelles<\/title>\n<meta name=\"robots\" content=\"index, follow, max-snippet:-1, max-image-preview:large, max-video-preview:-1\" \/>\n<link rel=\"canonical\" href=\"https:\/\/vibrations-spirituelles.fr\/index.php\/mentions-legales-cgv\/\" \/>\n<meta property=\"og:locale\" content=\"en_US\" \/>\n<meta property=\"og:type\" content=\"article\" \/>\n<meta property=\"og:title\" content=\"Mentions l\u00e9gales-CGV - Vibrations Spirituelles\" \/>\n<meta property=\"og:description\" content=\"Les pr\u00e9sentes Conditions G\u00e9n\u00e9rales d&#8217;Utilisation d\u00e9terminent les r\u00e8gles d\u2019acc\u00e8s au site www.vibrations-spirituelles.fr (le \u00ab Site \u00bb) et ses conditions d\u2019utilisation que l\u2019Utilisateur reconna\u00eet accepter, sans r\u00e9serve, du seul fait de [&hellip;]\" \/>\n<meta property=\"og:url\" content=\"https:\/\/vibrations-spirituelles.fr\/index.php\/mentions-legales-cgv\/\" \/>\n<meta property=\"og:site_name\" content=\"Vibrations Spirituelles\" \/>\n<meta property=\"article:modified_time\" content=\"2019-07-02T16:15:35+00:00\" \/>\n<meta name=\"twitter:card\" content=\"summary_large_image\" \/>\n<meta name=\"twitter:label1\" content=\"Est. reading time\" \/>\n\t<meta name=\"twitter:data1\" content=\"9 minutes\" \/>\n<script type=\"application\/ld+json\" class=\"yoast-schema-graph\">{\"@context\":\"https:\/\/schema.org\",\"@graph\":[{\"@type\":\"WebPage\",\"@id\":\"https:\/\/vibrations-spirituelles.fr\/index.php\/mentions-legales-cgv\/\",\"url\":\"https:\/\/vibrations-spirituelles.fr\/index.php\/mentions-legales-cgv\/\",\"name\":\"Mentions l\u00e9gales-CGV - Vibrations Spirituelles\",\"isPartOf\":{\"@id\":\"https:\/\/vibrations-spirituelles.fr\/#website\"},\"datePublished\":\"2018-10-01T08:30:35+00:00\",\"dateModified\":\"2019-07-02T16:15:35+00:00\",\"breadcrumb\":{\"@id\":\"https:\/\/vibrations-spirituelles.fr\/index.php\/mentions-legales-cgv\/#breadcrumb\"},\"inLanguage\":\"en-US\",\"potentialAction\":[{\"@type\":\"ReadAction\",\"target\":[\"https:\/\/vibrations-spirituelles.fr\/index.php\/mentions-legales-cgv\/\"]}]},{\"@type\":\"BreadcrumbList\",\"@id\":\"https:\/\/vibrations-spirituelles.fr\/index.php\/mentions-legales-cgv\/#breadcrumb\",\"itemListElement\":[{\"@type\":\"ListItem\",\"position\":1,\"name\":\"Accueil\",\"item\":\"https:\/\/vibrations-spirituelles.fr\/\"},{\"@type\":\"ListItem\",\"position\":2,\"name\":\"Mentions l\u00e9gales-CGV\"}]},{\"@type\":\"WebSite\",\"@id\":\"https:\/\/vibrations-spirituelles.fr\/#website\",\"url\":\"https:\/\/vibrations-spirituelles.fr\/\",\"name\":\"Vibrations Spirituelles\",\"description\":\"Voyance sans complaisance 01.77.62.03.67\",\"publisher\":{\"@id\":\"https:\/\/vibrations-spirituelles.fr\/#organization\"},\"potentialAction\":[{\"@type\":\"SearchAction\",\"target\":{\"@type\":\"EntryPoint\",\"urlTemplate\":\"https:\/\/vibrations-spirituelles.fr\/?s={search_term_string}\"},\"query-input\":{\"@type\":\"PropertyValueSpecification\",\"valueRequired\":true,\"valueName\":\"search_term_string\"}}],\"inLanguage\":\"en-US\"},{\"@type\":\"Organization\",\"@id\":\"https:\/\/vibrations-spirituelles.fr\/#organization\",\"name\":\"Vibrations Spirituelles\",\"url\":\"https:\/\/vibrations-spirituelles.fr\/\",\"logo\":{\"@type\":\"ImageObject\",\"inLanguage\":\"en-US\",\"@id\":\"https:\/\/vibrations-spirituelles.fr\/#\/schema\/logo\/image\/\",\"url\":\"https:\/\/vibrations-spirituelles.fr\/wp-content\/uploads\/2020\/06\/cropped-Logo-2020.jpeg\",\"contentUrl\":\"https:\/\/vibrations-spirituelles.fr\/wp-content\/uploads\/2020\/06\/cropped-Logo-2020.jpeg\",\"width\":77,\"height\":78,\"caption\":\"Vibrations Spirituelles\"},\"image\":{\"@id\":\"https:\/\/vibrations-spirituelles.fr\/#\/schema\/logo\/image\/\"}}]}<\/script>\n<!-- \/ Yoast SEO plugin. -->","yoast_head_json":{"title":"Mentions l\u00e9gales-CGV - Vibrations Spirituelles","robots":{"index":"index","follow":"follow","max-snippet":"max-snippet:-1","max-image-preview":"max-image-preview:large","max-video-preview":"max-video-preview:-1"},"canonical":"https:\/\/vibrations-spirituelles.fr\/index.php\/mentions-legales-cgv\/","og_locale":"en_US","og_type":"article","og_title":"Mentions l\u00e9gales-CGV - Vibrations Spirituelles","og_description":"Les pr\u00e9sentes Conditions G\u00e9n\u00e9rales d&#8217;Utilisation d\u00e9terminent les r\u00e8gles d\u2019acc\u00e8s au site www.vibrations-spirituelles.fr (le \u00ab Site \u00bb) et ses conditions d\u2019utilisation que l\u2019Utilisateur reconna\u00eet accepter, sans r\u00e9serve, du seul fait de [&hellip;]","og_url":"https:\/\/vibrations-spirituelles.fr\/index.php\/mentions-legales-cgv\/","og_site_name":"Vibrations Spirituelles","article_modified_time":"2019-07-02T16:15:35+00:00","twitter_card":"summary_large_image","twitter_misc":{"Est. reading time":"9 minutes"},"schema":{"@context":"https:\/\/schema.org","@graph":[{"@type":"WebPage","@id":"https:\/\/vibrations-spirituelles.fr\/index.php\/mentions-legales-cgv\/","url":"https:\/\/vibrations-spirituelles.fr\/index.php\/mentions-legales-cgv\/","name":"Mentions l\u00e9gales-CGV - Vibrations Spirituelles","isPartOf":{"@id":"https:\/\/vibrations-spirituelles.fr\/#website"},"datePublished":"2018-10-01T08:30:35+00:00","dateModified":"2019-07-02T16:15:35+00:00","breadcrumb":{"@id":"https:\/\/vibrations-spirituelles.fr\/index.php\/mentions-legales-cgv\/#breadcrumb"},"inLanguage":"en-US","potentialAction":[{"@type":"ReadAction","target":["https:\/\/vibrations-spirituelles.fr\/index.php\/mentions-legales-cgv\/"]}]},{"@type":"BreadcrumbList","@id":"https:\/\/vibrations-spirituelles.fr\/index.php\/mentions-legales-cgv\/#breadcrumb","itemListElement":[{"@type":"ListItem","position":1,"name":"Accueil","item":"https:\/\/vibrations-spirituelles.fr\/"},{"@type":"ListItem","position":2,"name":"Mentions l\u00e9gales-CGV"}]},{"@type":"WebSite","@id":"https:\/\/vibrations-spirituelles.fr\/#website","url":"https:\/\/vibrations-spirituelles.fr\/","name":"Vibrations Spirituelles","description":"Voyance sans complaisance 01.77.62.03.67","publisher":{"@id":"https:\/\/vibrations-spirituelles.fr\/#organization"},"potentialAction":[{"@type":"SearchAction","target":{"@type":"EntryPoint","urlTemplate":"https:\/\/vibrations-spirituelles.fr\/?s={search_term_string}"},"query-input":{"@type":"PropertyValueSpecification","valueRequired":true,"valueName":"search_term_string"}}],"inLanguage":"en-US"},{"@type":"Organization","@id":"https:\/\/vibrations-spirituelles.fr\/#organization","name":"Vibrations Spirituelles","url":"https:\/\/vibrations-spirituelles.fr\/","logo":{"@type":"ImageObject","inLanguage":"en-US","@id":"https:\/\/vibrations-spirituelles.fr\/#\/schema\/logo\/image\/","url":"https:\/\/vibrations-spirituelles.fr\/wp-content\/uploads\/2020\/06\/cropped-Logo-2020.jpeg","contentUrl":"https:\/\/vibrations-spirituelles.fr\/wp-content\/uploads\/2020\/06\/cropped-Logo-2020.jpeg","width":77,"height":78,"caption":"Vibrations Spirituelles"},"image":{"@id":"https:\/\/vibrations-spirituelles.fr\/#\/schema\/logo\/image\/"}}]}},"_links":{"self":[{"href":"https:\/\/vibrations-spirituelles.fr\/index.php\/wp-json\/wp\/v2\/pages\/707","targetHints":{"allow":["GET"]}}],"collection":[{"href":"https:\/\/vibrations-spirituelles.fr\/index.php\/wp-json\/wp\/v2\/pages"}],"about":[{"href":"https:\/\/vibrations-spirituelles.fr\/index.php\/wp-json\/wp\/v2\/types\/page"}],"author":[{"embeddable":true,"href":"https:\/\/vibrations-spirituelles.fr\/index.php\/wp-json\/wp\/v2\/users\/1"}],"replies":[{"embeddable":true,"href":"https:\/\/vibrations-spirituelles.fr\/index.php\/wp-json\/wp\/v2\/comments?post=707"}],"version-history":[{"count":14,"href":"https:\/\/vibrations-spirituelles.fr\/index.php\/wp-json\/wp\/v2\/pages\/707\/revisions"}],"predecessor-version":[{"id":1352,"href":"https:\/\/vibrations-spirituelles.fr\/index.php\/wp-json\/wp\/v2\/pages\/707\/revisions\/1352"}],"wp:attachment":[{"href":"https:\/\/vibrations-spirituelles.fr\/index.php\/wp-json\/wp\/v2\/media?parent=707"}],"curies":[{"name":"wp","href":"https:\/\/api.w.org\/{rel}","templated":true}]}}