{"id":570,"date":"2018-07-03T00:49:36","date_gmt":"2018-07-02T22:49:36","guid":{"rendered":"http:\/\/vibrations-spirituelles.fr\/?page_id=570"},"modified":"2026-03-05T21:21:28","modified_gmt":"2026-03-05T20:21:28","slug":"poisson","status":"publish","type":"page","link":"https:\/\/vibrations-spirituelles.fr\/index.php\/poisson\/","title":{"rendered":"Poissons"},"content":{"rendered":"<p><img loading=\"lazy\" decoding=\"async\" class=\" wp-image-617 alignright\" src=\"http:\/\/vibrations-spirituelles.fr\/wp-content\/uploads\/2018\/07\/t\u00e9l\u00e9chargement-2.jpg\" alt=\"\" width=\"200\" height=\"200\" srcset=\"https:\/\/vibrations-spirituelles.fr\/wp-content\/uploads\/2018\/07\/t\u00e9l\u00e9chargement-2.jpg 225w, https:\/\/vibrations-spirituelles.fr\/wp-content\/uploads\/2018\/07\/t\u00e9l\u00e9chargement-2-150x150.jpg 150w\" sizes=\"auto, (max-width: 200px) 100vw, 200px\" \/><\/p>\n<ul>\n<li style=\"text-align: left;\"><span style=\"color: #000000;\"><strong>1er d\u00e9can<\/strong> du 19 au 29 F\u00e9vrier<\/span><\/li>\n<li style=\"text-align: left;\"><span style=\"color: #000000;\"><strong>2\u00e8me d\u00e9can<\/strong> du 1er au 10 Mars<\/span><\/li>\n<li style=\"text-align: left;\"><span style=\"color: #000000;\"><strong>3\u00e8me d\u00e9can<\/strong> de 11 au 20 Mars<\/span><\/li>\n<\/ul>\n<h3><span style=\"color: #0000ff;\"><strong>MARS 2026<\/strong><\/span><\/h3>\n<h4><span style=\"color: #000000;\">1er d\u00e9can<\/span><\/h4>\n<p><span style=\"color: #333300;\">Quand Mars est dans votre signe, vous avancez g\u00e9n\u00e9ralement sans forcer, comme si vous glissiez sur les \u00e9v\u00e9nements. Et \u00e7a vous r\u00e9ussit. Traduisez que vous sentez instinctivement quand il faut agir, comment vous comporter avec les gens, ce qu\u2019il faut faire pour convaincre en douceur. Entre le 3 et le 17 mars, certains se demanderont m\u00eame pourquoi tout semble si facile avec vous, amis Poissons. On rajoutera qu\u2019en cas d\u2019esquisse de conflit, vous ne ferez jamais le choix du frontal. Vous serez bien plus maligne que \u00e7a. Ensuite, entre le 21 et le 29 mars, si on vous demande pourquoi ou comment vous avez eu gain de cause dans une d\u00e9marche qui \u00e9tait pourtant mal engag\u00e9e, vous r\u00e9pondrez \u00ab c\u2019\u00e9tait \u00e9vident \u00bb. Eh oui\u2026 il y a des choses plut\u00f4t myst\u00e9rieuses qu\u2019un Poissons est seul \u00e0 comprendre ou pressentir (surtout quand Mercure revient \u00e0 ses c\u00f4t\u00e9s).<\/span><\/p>\n<h4><span style=\"color: #000000;\">2e d\u00e9can<\/span><\/h4>\n<p><span style=\"color: #333300;\">Ca veut dire quoi exactement \u00ab couler des jours heureux \u00bb ? Eh bien vous allez sans doute en avoir un petit aper\u00e7u d\u2019ici le 12 mars. Natifs du Poissons, en ce d\u00e9but de mois, vous serez cet alchimiste qui sait transformer le quotidien en une succession de petits bonheurs sympas. Apr\u00e8s le 15 mars, l\u2019alliance de Jupiter en Cancer et de Mars en Poissons vous promettra d\u00e9j\u00e0 de vous faire une r\u00e9putation de femme de c\u0153ur. Amis Poissons, vous aurez la bienveillance qui soude et certains n\u2019h\u00e9siteront pas \u00e0 dire que vous \u00eates quelqu\u2019un de tr\u00e8s pr\u00e9cieux. Par ailleurs, si vous avez tendance \u00e0 penser que vos amis sont aussi de la famille, c\u2019est que votre g\u00e9n\u00e9rosit\u00e9 n\u2019aura pas de fronti\u00e8re.<\/span><\/p>\n<h4><span style=\"color: #000000;\">3e d\u00e9can<\/span><\/h4>\n<p><span style=\"color: #333300;\">Quand le Soleil en Poissons est soutenu par Uranus en Taureau, on dit que de jolies choses peuvent \u00ab tomber du ciel \u00bb. Du coup, entre le 11 et le 21 mars, on ne sait pas bien quelles seront les trouvailles du destin mais on sait qu\u2019il aura beaucoup d\u2019imagination (le destin). Et puis il n\u2019y aura parfois qu\u2019un pas entre une id\u00e9e un peu planante et sa r\u00e9alisation. Pourquoi ? Parce qu\u2019avec Uranus en Taureau, m\u00eame un projet improbable peut tout \u00e0 coup voir le jour. On rajoutera que le culte de la fantaisie fera beaucoup de bien \u00e0 votre petite vie.<\/span><\/p>\n","protected":false},"excerpt":{"rendered":"<p>1er d\u00e9can du 19 au 29 F\u00e9vrier 2\u00e8me d\u00e9can du 1er au 10 Mars 3\u00e8me d\u00e9can de 11 au 20 Mars MARS 2026 1er d\u00e9can Quand Mars est dans votre <a href=\"https:\/\/vibrations-spirituelles.fr\/index.php\/poisson\/\" class=\"more-link\">[&hellip;]<\/a><\/p>\n","protected":false},"author":1,"featured_media":0,"parent":0,"menu_order":0,"comment_status":"closed","ping_status":"closed","template":"","meta":{"Layout":"","footnotes":""},"class_list":["entry","author-admin5388","post-570","page","type-page","status-publish"],"yoast_head":"<!-- This site is optimized with the Yoast SEO plugin v27.1.1 - https:\/\/yoast.com\/product\/yoast-seo-wordpress\/ -->\n<title>Poissons - Vibrations Spirituelles<\/title>\n<meta name=\"robots\" content=\"index, follow, max-snippet:-1, max-image-preview:large, max-video-preview:-1\" \/>\n<link rel=\"canonical\" href=\"https:\/\/vibrations-spirituelles.fr\/index.php\/poisson\/\" \/>\n<meta property=\"og:locale\" content=\"en_US\" \/>\n<meta property=\"og:type\" content=\"article\" \/>\n<meta property=\"og:title\" content=\"Poissons - Vibrations Spirituelles\" \/>\n<meta property=\"og:description\" content=\"1er d\u00e9can du 19 au 29 F\u00e9vrier 2\u00e8me d\u00e9can du 1er au 10 Mars 3\u00e8me d\u00e9can de 11 au 20 Mars MARS 2026 1er d\u00e9can Quand Mars est dans votre [&hellip;]\" \/>\n<meta property=\"og:url\" content=\"https:\/\/vibrations-spirituelles.fr\/index.php\/poisson\/\" \/>\n<meta property=\"og:site_name\" content=\"Vibrations Spirituelles\" \/>\n<meta property=\"article:modified_time\" content=\"2026-03-05T20:21:28+00:00\" \/>\n<meta name=\"twitter:card\" content=\"summary_large_image\" \/>\n<meta name=\"twitter:label1\" content=\"Est. reading time\" \/>\n\t<meta name=\"twitter:data1\" content=\"3 minutes\" \/>\n<script type=\"application\/ld+json\" class=\"yoast-schema-graph\">{\"@context\":\"https:\/\/schema.org\",\"@graph\":[{\"@type\":\"WebPage\",\"@id\":\"https:\/\/vibrations-spirituelles.fr\/index.php\/poisson\/\",\"url\":\"https:\/\/vibrations-spirituelles.fr\/index.php\/poisson\/\",\"name\":\"Poissons - Vibrations Spirituelles\",\"isPartOf\":{\"@id\":\"https:\/\/vibrations-spirituelles.fr\/#website\"},\"datePublished\":\"2018-07-02T22:49:36+00:00\",\"dateModified\":\"2026-03-05T20:21:28+00:00\",\"breadcrumb\":{\"@id\":\"https:\/\/vibrations-spirituelles.fr\/index.php\/poisson\/#breadcrumb\"},\"inLanguage\":\"en-US\",\"potentialAction\":[{\"@type\":\"ReadAction\",\"target\":[\"https:\/\/vibrations-spirituelles.fr\/index.php\/poisson\/\"]}]},{\"@type\":\"BreadcrumbList\",\"@id\":\"https:\/\/vibrations-spirituelles.fr\/index.php\/poisson\/#breadcrumb\",\"itemListElement\":[{\"@type\":\"ListItem\",\"position\":1,\"name\":\"Accueil\",\"item\":\"https:\/\/vibrations-spirituelles.fr\/\"},{\"@type\":\"ListItem\",\"position\":2,\"name\":\"Poissons\"}]},{\"@type\":\"WebSite\",\"@id\":\"https:\/\/vibrations-spirituelles.fr\/#website\",\"url\":\"https:\/\/vibrations-spirituelles.fr\/\",\"name\":\"Vibrations Spirituelles\",\"description\":\"Voyance sans complaisance 01.77.62.03.67\",\"publisher\":{\"@id\":\"https:\/\/vibrations-spirituelles.fr\/#organization\"},\"potentialAction\":[{\"@type\":\"SearchAction\",\"target\":{\"@type\":\"EntryPoint\",\"urlTemplate\":\"https:\/\/vibrations-spirituelles.fr\/?s={search_term_string}\"},\"query-input\":{\"@type\":\"PropertyValueSpecification\",\"valueRequired\":true,\"valueName\":\"search_term_string\"}}],\"inLanguage\":\"en-US\"},{\"@type\":\"Organization\",\"@id\":\"https:\/\/vibrations-spirituelles.fr\/#organization\",\"name\":\"Vibrations Spirituelles\",\"url\":\"https:\/\/vibrations-spirituelles.fr\/\",\"logo\":{\"@type\":\"ImageObject\",\"inLanguage\":\"en-US\",\"@id\":\"https:\/\/vibrations-spirituelles.fr\/#\/schema\/logo\/image\/\",\"url\":\"https:\/\/vibrations-spirituelles.fr\/wp-content\/uploads\/2020\/06\/cropped-Logo-2020.jpeg\",\"contentUrl\":\"https:\/\/vibrations-spirituelles.fr\/wp-content\/uploads\/2020\/06\/cropped-Logo-2020.jpeg\",\"width\":77,\"height\":78,\"caption\":\"Vibrations Spirituelles\"},\"image\":{\"@id\":\"https:\/\/vibrations-spirituelles.fr\/#\/schema\/logo\/image\/\"}}]}<\/script>\n<!-- \/ Yoast SEO plugin. -->","yoast_head_json":{"title":"Poissons - Vibrations Spirituelles","robots":{"index":"index","follow":"follow","max-snippet":"max-snippet:-1","max-image-preview":"max-image-preview:large","max-video-preview":"max-video-preview:-1"},"canonical":"https:\/\/vibrations-spirituelles.fr\/index.php\/poisson\/","og_locale":"en_US","og_type":"article","og_title":"Poissons - Vibrations Spirituelles","og_description":"1er d\u00e9can du 19 au 29 F\u00e9vrier 2\u00e8me d\u00e9can du 1er au 10 Mars 3\u00e8me d\u00e9can de 11 au 20 Mars MARS 2026 1er d\u00e9can Quand Mars est dans votre [&hellip;]","og_url":"https:\/\/vibrations-spirituelles.fr\/index.php\/poisson\/","og_site_name":"Vibrations Spirituelles","article_modified_time":"2026-03-05T20:21:28+00:00","twitter_card":"summary_large_image","twitter_misc":{"Est. reading time":"3 minutes"},"schema":{"@context":"https:\/\/schema.org","@graph":[{"@type":"WebPage","@id":"https:\/\/vibrations-spirituelles.fr\/index.php\/poisson\/","url":"https:\/\/vibrations-spirituelles.fr\/index.php\/poisson\/","name":"Poissons - Vibrations Spirituelles","isPartOf":{"@id":"https:\/\/vibrations-spirituelles.fr\/#website"},"datePublished":"2018-07-02T22:49:36+00:00","dateModified":"2026-03-05T20:21:28+00:00","breadcrumb":{"@id":"https:\/\/vibrations-spirituelles.fr\/index.php\/poisson\/#breadcrumb"},"inLanguage":"en-US","potentialAction":[{"@type":"ReadAction","target":["https:\/\/vibrations-spirituelles.fr\/index.php\/poisson\/"]}]},{"@type":"BreadcrumbList","@id":"https:\/\/vibrations-spirituelles.fr\/index.php\/poisson\/#breadcrumb","itemListElement":[{"@type":"ListItem","position":1,"name":"Accueil","item":"https:\/\/vibrations-spirituelles.fr\/"},{"@type":"ListItem","position":2,"name":"Poissons"}]},{"@type":"WebSite","@id":"https:\/\/vibrations-spirituelles.fr\/#website","url":"https:\/\/vibrations-spirituelles.fr\/","name":"Vibrations Spirituelles","description":"Voyance sans complaisance 01.77.62.03.67","publisher":{"@id":"https:\/\/vibrations-spirituelles.fr\/#organization"},"potentialAction":[{"@type":"SearchAction","target":{"@type":"EntryPoint","urlTemplate":"https:\/\/vibrations-spirituelles.fr\/?s={search_term_string}"},"query-input":{"@type":"PropertyValueSpecification","valueRequired":true,"valueName":"search_term_string"}}],"inLanguage":"en-US"},{"@type":"Organization","@id":"https:\/\/vibrations-spirituelles.fr\/#organization","name":"Vibrations Spirituelles","url":"https:\/\/vibrations-spirituelles.fr\/","logo":{"@type":"ImageObject","inLanguage":"en-US","@id":"https:\/\/vibrations-spirituelles.fr\/#\/schema\/logo\/image\/","url":"https:\/\/vibrations-spirituelles.fr\/wp-content\/uploads\/2020\/06\/cropped-Logo-2020.jpeg","contentUrl":"https:\/\/vibrations-spirituelles.fr\/wp-content\/uploads\/2020\/06\/cropped-Logo-2020.jpeg","width":77,"height":78,"caption":"Vibrations Spirituelles"},"image":{"@id":"https:\/\/vibrations-spirituelles.fr\/#\/schema\/logo\/image\/"}}]}},"_links":{"self":[{"href":"https:\/\/vibrations-spirituelles.fr\/index.php\/wp-json\/wp\/v2\/pages\/570","targetHints":{"allow":["GET"]}}],"collection":[{"href":"https:\/\/vibrations-spirituelles.fr\/index.php\/wp-json\/wp\/v2\/pages"}],"about":[{"href":"https:\/\/vibrations-spirituelles.fr\/index.php\/wp-json\/wp\/v2\/types\/page"}],"author":[{"embeddable":true,"href":"https:\/\/vibrations-spirituelles.fr\/index.php\/wp-json\/wp\/v2\/users\/1"}],"replies":[{"embeddable":true,"href":"https:\/\/vibrations-spirituelles.fr\/index.php\/wp-json\/wp\/v2\/comments?post=570"}],"version-history":[{"count":179,"href":"https:\/\/vibrations-spirituelles.fr\/index.php\/wp-json\/wp\/v2\/pages\/570\/revisions"}],"predecessor-version":[{"id":5568,"href":"https:\/\/vibrations-spirituelles.fr\/index.php\/wp-json\/wp\/v2\/pages\/570\/revisions\/5568"}],"wp:attachment":[{"href":"https:\/\/vibrations-spirituelles.fr\/index.php\/wp-json\/wp\/v2\/media?parent=570"}],"curies":[{"name":"wp","href":"https:\/\/api.w.org\/{rel}","templated":true}]}}