{"id":568,"date":"2018-07-03T00:49:24","date_gmt":"2018-07-02T22:49:24","guid":{"rendered":"http:\/\/vibrations-spirituelles.fr\/?page_id=568"},"modified":"2026-03-05T21:32:43","modified_gmt":"2026-03-05T20:32:43","slug":"verseau","status":"publish","type":"page","link":"https:\/\/vibrations-spirituelles.fr\/index.php\/verseau\/","title":{"rendered":"Verseau"},"content":{"rendered":"<p><img loading=\"lazy\" decoding=\"async\" class=\" wp-image-627 alignright\" src=\"http:\/\/vibrations-spirituelles.fr\/wp-content\/uploads\/2018\/07\/t\u00e9l\u00e9chargement-5.png\" alt=\"\" width=\"200\" height=\"200\" srcset=\"https:\/\/vibrations-spirituelles.fr\/wp-content\/uploads\/2018\/07\/t\u00e9l\u00e9chargement-5.png 225w, https:\/\/vibrations-spirituelles.fr\/wp-content\/uploads\/2018\/07\/t\u00e9l\u00e9chargement-5-150x150.png 150w\" sizes=\"auto, (max-width: 200px) 100vw, 200px\" \/><\/p>\n<ul>\n<li><span style=\"color: #000000;\"><strong>1er d\u00e9can<\/strong> du 20 au 31 Janvier<\/span><\/li>\n<li><span style=\"color: #000000;\"><strong>2\u00e8me d\u00e9can<\/strong> du 1er au 10 F\u00e9vrier<\/span><\/li>\n<li><strong style=\"color: #000000;\">3\u00e8me d\u00e9can<\/strong><span style=\"color: #000000;\"> de 11 au 18 F\u00e9vrier<\/span><\/li>\n<\/ul>\n<h3><span style=\"color: #0000ff;\"><strong>MARS 2026<\/strong><\/span><\/h3>\n<h4><span style=\"color: #000000;\">1er d\u00e9can<\/span><\/h4>\n<p><span style=\"color: #333300;\">Comment utiliser au mieux cette belle dynamique impuls\u00e9e par le Soleil en B\u00e9lier apr\u00e8s le 22 mars ? Amis Verseau, vous le saurez mieux que nous. Mais quelle que soit l\u2019affaire, elle sera vite dans le sac car vous serez un concentr\u00e9 d\u2019\u00e9nergie \u00e0 vous toute seule. Le Soleil en B\u00e9lier sera l\u00e0 pour donner \u00e0 votre vie un p\u2019tit quelque chose de plus tr\u00e9pidant. Les choses arrivent rarement toutes seules alors retenez qu\u2019il vaut toujours mieux agir que de parler quand cette plan\u00e8te-l\u00e0 pilote votre ciel. Bref, vous saurez fort bien ce que voulez et d\u2019ordinaire, c\u2019est plut\u00f4t un atout.<\/span><\/p>\n<h4><span style=\"color: #000000;\">2e d\u00e9can<\/span><\/h4>\n<p><span style=\"color: #333300;\">Entre le 15 et le 24 mars, V\u00e9nus en B\u00e9lier ne manquera s\u00fbrement pas au devoir de vous divertir. Amis Verseau, cette plan\u00e8te-l\u00e0 vous donnera envie de bousculer le train-train, pourra vous souffler des audaces plut\u00f4t dr\u00f4les. Pour vous, V\u00e9nus en B\u00e9lier promet g\u00e9n\u00e9ralement du truculent, de l\u2019intensit\u00e9, une vibe ultra vivante. Autant dire que vous accueillerez \u00e0 bras ouverts les petits plaisirs de la vie : on s\u2019emballe, on rigole facilement, on se permet quelques joyeuses vir\u00e9es shopping en m\u00eame temps que le luxe de c\u00e9der \u00e0 quelques petits coups de t\u00eate.<\/span><\/p>\n<h4><span style=\"color: #000000;\">3e d\u00e9can<\/span><\/h4>\n<p><span style=\"color: #333300;\">D\u2019ici le 22 mars, optez pour la slow attitude si vous le d\u00e9sirez et le pouvez. Les plan\u00e8tes plut\u00f4t neutres en ce qui vous concerne n\u2019envisageront pas de vous stresser. Mais apr\u00e8s le 22, la tr\u00e9pidante V\u00e9nus en B\u00e9lier vous entra\u00eenera \u00e0 coup s\u00fbr dans un joyeux tourbillon de vie et un Verseau digne de son signe va aimer la belle \u00e9mulation de cette fin de mois. Voil\u00e0 un petit galop d\u2019essai qui vous mettra joliment dans le bain de l\u2019arriv\u00e9e du Printemps. Vous verrez, tout sera plaisant, vibrant, fun, rapide. N\u2019en faire qu\u2019\u00e0 sa t\u00eate est aussi une vraie f\u00eate quand cette V\u00e9nus-l\u00e0 vous a \u00e0 la bonne.<\/span><\/p>\n","protected":false},"excerpt":{"rendered":"<p>1er d\u00e9can du 20 au 31 Janvier 2\u00e8me d\u00e9can du 1er au 10 F\u00e9vrier 3\u00e8me d\u00e9can de 11 au 18 F\u00e9vrier MARS 2026 1er d\u00e9can Comment utiliser au mieux cette <a href=\"https:\/\/vibrations-spirituelles.fr\/index.php\/verseau\/\" class=\"more-link\">[&hellip;]<\/a><\/p>\n","protected":false},"author":1,"featured_media":0,"parent":0,"menu_order":0,"comment_status":"closed","ping_status":"closed","template":"","meta":{"Layout":"","footnotes":""},"class_list":["entry","author-admin5388","post-568","page","type-page","status-publish"],"yoast_head":"<!-- This site is optimized with the Yoast SEO plugin v27.1.1 - https:\/\/yoast.com\/product\/yoast-seo-wordpress\/ -->\n<title>Verseau - Vibrations Spirituelles<\/title>\n<meta name=\"robots\" content=\"index, follow, max-snippet:-1, max-image-preview:large, max-video-preview:-1\" \/>\n<link rel=\"canonical\" href=\"https:\/\/vibrations-spirituelles.fr\/index.php\/verseau\/\" \/>\n<meta property=\"og:locale\" content=\"en_US\" \/>\n<meta property=\"og:type\" content=\"article\" \/>\n<meta property=\"og:title\" content=\"Verseau - Vibrations Spirituelles\" \/>\n<meta property=\"og:description\" content=\"1er d\u00e9can du 20 au 31 Janvier 2\u00e8me d\u00e9can du 1er au 10 F\u00e9vrier 3\u00e8me d\u00e9can de 11 au 18 F\u00e9vrier MARS 2026 1er d\u00e9can Comment utiliser au mieux cette [&hellip;]\" \/>\n<meta property=\"og:url\" content=\"https:\/\/vibrations-spirituelles.fr\/index.php\/verseau\/\" \/>\n<meta property=\"og:site_name\" content=\"Vibrations Spirituelles\" \/>\n<meta property=\"article:modified_time\" content=\"2026-03-05T20:32:43+00:00\" \/>\n<meta name=\"twitter:card\" content=\"summary_large_image\" \/>\n<meta name=\"twitter:label1\" content=\"Est. reading time\" \/>\n\t<meta name=\"twitter:data1\" content=\"2 minutes\" \/>\n<script type=\"application\/ld+json\" class=\"yoast-schema-graph\">{\"@context\":\"https:\/\/schema.org\",\"@graph\":[{\"@type\":\"WebPage\",\"@id\":\"https:\/\/vibrations-spirituelles.fr\/index.php\/verseau\/\",\"url\":\"https:\/\/vibrations-spirituelles.fr\/index.php\/verseau\/\",\"name\":\"Verseau - Vibrations Spirituelles\",\"isPartOf\":{\"@id\":\"https:\/\/vibrations-spirituelles.fr\/#website\"},\"datePublished\":\"2018-07-02T22:49:24+00:00\",\"dateModified\":\"2026-03-05T20:32:43+00:00\",\"breadcrumb\":{\"@id\":\"https:\/\/vibrations-spirituelles.fr\/index.php\/verseau\/#breadcrumb\"},\"inLanguage\":\"en-US\",\"potentialAction\":[{\"@type\":\"ReadAction\",\"target\":[\"https:\/\/vibrations-spirituelles.fr\/index.php\/verseau\/\"]}]},{\"@type\":\"BreadcrumbList\",\"@id\":\"https:\/\/vibrations-spirituelles.fr\/index.php\/verseau\/#breadcrumb\",\"itemListElement\":[{\"@type\":\"ListItem\",\"position\":1,\"name\":\"Accueil\",\"item\":\"https:\/\/vibrations-spirituelles.fr\/\"},{\"@type\":\"ListItem\",\"position\":2,\"name\":\"Verseau\"}]},{\"@type\":\"WebSite\",\"@id\":\"https:\/\/vibrations-spirituelles.fr\/#website\",\"url\":\"https:\/\/vibrations-spirituelles.fr\/\",\"name\":\"Vibrations Spirituelles\",\"description\":\"Voyance sans complaisance 01.77.62.03.67\",\"publisher\":{\"@id\":\"https:\/\/vibrations-spirituelles.fr\/#organization\"},\"potentialAction\":[{\"@type\":\"SearchAction\",\"target\":{\"@type\":\"EntryPoint\",\"urlTemplate\":\"https:\/\/vibrations-spirituelles.fr\/?s={search_term_string}\"},\"query-input\":{\"@type\":\"PropertyValueSpecification\",\"valueRequired\":true,\"valueName\":\"search_term_string\"}}],\"inLanguage\":\"en-US\"},{\"@type\":\"Organization\",\"@id\":\"https:\/\/vibrations-spirituelles.fr\/#organization\",\"name\":\"Vibrations Spirituelles\",\"url\":\"https:\/\/vibrations-spirituelles.fr\/\",\"logo\":{\"@type\":\"ImageObject\",\"inLanguage\":\"en-US\",\"@id\":\"https:\/\/vibrations-spirituelles.fr\/#\/schema\/logo\/image\/\",\"url\":\"https:\/\/vibrations-spirituelles.fr\/wp-content\/uploads\/2020\/06\/cropped-Logo-2020.jpeg\",\"contentUrl\":\"https:\/\/vibrations-spirituelles.fr\/wp-content\/uploads\/2020\/06\/cropped-Logo-2020.jpeg\",\"width\":77,\"height\":78,\"caption\":\"Vibrations Spirituelles\"},\"image\":{\"@id\":\"https:\/\/vibrations-spirituelles.fr\/#\/schema\/logo\/image\/\"}}]}<\/script>\n<!-- \/ Yoast SEO plugin. -->","yoast_head_json":{"title":"Verseau - Vibrations Spirituelles","robots":{"index":"index","follow":"follow","max-snippet":"max-snippet:-1","max-image-preview":"max-image-preview:large","max-video-preview":"max-video-preview:-1"},"canonical":"https:\/\/vibrations-spirituelles.fr\/index.php\/verseau\/","og_locale":"en_US","og_type":"article","og_title":"Verseau - Vibrations Spirituelles","og_description":"1er d\u00e9can du 20 au 31 Janvier 2\u00e8me d\u00e9can du 1er au 10 F\u00e9vrier 3\u00e8me d\u00e9can de 11 au 18 F\u00e9vrier MARS 2026 1er d\u00e9can Comment utiliser au mieux cette [&hellip;]","og_url":"https:\/\/vibrations-spirituelles.fr\/index.php\/verseau\/","og_site_name":"Vibrations Spirituelles","article_modified_time":"2026-03-05T20:32:43+00:00","twitter_card":"summary_large_image","twitter_misc":{"Est. reading time":"2 minutes"},"schema":{"@context":"https:\/\/schema.org","@graph":[{"@type":"WebPage","@id":"https:\/\/vibrations-spirituelles.fr\/index.php\/verseau\/","url":"https:\/\/vibrations-spirituelles.fr\/index.php\/verseau\/","name":"Verseau - Vibrations Spirituelles","isPartOf":{"@id":"https:\/\/vibrations-spirituelles.fr\/#website"},"datePublished":"2018-07-02T22:49:24+00:00","dateModified":"2026-03-05T20:32:43+00:00","breadcrumb":{"@id":"https:\/\/vibrations-spirituelles.fr\/index.php\/verseau\/#breadcrumb"},"inLanguage":"en-US","potentialAction":[{"@type":"ReadAction","target":["https:\/\/vibrations-spirituelles.fr\/index.php\/verseau\/"]}]},{"@type":"BreadcrumbList","@id":"https:\/\/vibrations-spirituelles.fr\/index.php\/verseau\/#breadcrumb","itemListElement":[{"@type":"ListItem","position":1,"name":"Accueil","item":"https:\/\/vibrations-spirituelles.fr\/"},{"@type":"ListItem","position":2,"name":"Verseau"}]},{"@type":"WebSite","@id":"https:\/\/vibrations-spirituelles.fr\/#website","url":"https:\/\/vibrations-spirituelles.fr\/","name":"Vibrations Spirituelles","description":"Voyance sans complaisance 01.77.62.03.67","publisher":{"@id":"https:\/\/vibrations-spirituelles.fr\/#organization"},"potentialAction":[{"@type":"SearchAction","target":{"@type":"EntryPoint","urlTemplate":"https:\/\/vibrations-spirituelles.fr\/?s={search_term_string}"},"query-input":{"@type":"PropertyValueSpecification","valueRequired":true,"valueName":"search_term_string"}}],"inLanguage":"en-US"},{"@type":"Organization","@id":"https:\/\/vibrations-spirituelles.fr\/#organization","name":"Vibrations Spirituelles","url":"https:\/\/vibrations-spirituelles.fr\/","logo":{"@type":"ImageObject","inLanguage":"en-US","@id":"https:\/\/vibrations-spirituelles.fr\/#\/schema\/logo\/image\/","url":"https:\/\/vibrations-spirituelles.fr\/wp-content\/uploads\/2020\/06\/cropped-Logo-2020.jpeg","contentUrl":"https:\/\/vibrations-spirituelles.fr\/wp-content\/uploads\/2020\/06\/cropped-Logo-2020.jpeg","width":77,"height":78,"caption":"Vibrations Spirituelles"},"image":{"@id":"https:\/\/vibrations-spirituelles.fr\/#\/schema\/logo\/image\/"}}]}},"_links":{"self":[{"href":"https:\/\/vibrations-spirituelles.fr\/index.php\/wp-json\/wp\/v2\/pages\/568","targetHints":{"allow":["GET"]}}],"collection":[{"href":"https:\/\/vibrations-spirituelles.fr\/index.php\/wp-json\/wp\/v2\/pages"}],"about":[{"href":"https:\/\/vibrations-spirituelles.fr\/index.php\/wp-json\/wp\/v2\/types\/page"}],"author":[{"embeddable":true,"href":"https:\/\/vibrations-spirituelles.fr\/index.php\/wp-json\/wp\/v2\/users\/1"}],"replies":[{"embeddable":true,"href":"https:\/\/vibrations-spirituelles.fr\/index.php\/wp-json\/wp\/v2\/comments?post=568"}],"version-history":[{"count":188,"href":"https:\/\/vibrations-spirituelles.fr\/index.php\/wp-json\/wp\/v2\/pages\/568\/revisions"}],"predecessor-version":[{"id":5578,"href":"https:\/\/vibrations-spirituelles.fr\/index.php\/wp-json\/wp\/v2\/pages\/568\/revisions\/5578"}],"wp:attachment":[{"href":"https:\/\/vibrations-spirituelles.fr\/index.php\/wp-json\/wp\/v2\/media?parent=568"}],"curies":[{"name":"wp","href":"https:\/\/api.w.org\/{rel}","templated":true}]}}