{"id":560,"date":"2018-07-03T00:48:28","date_gmt":"2018-07-02T22:48:28","guid":{"rendered":"http:\/\/vibrations-spirituelles.fr\/?page_id=560"},"modified":"2026-03-05T21:00:52","modified_gmt":"2026-03-05T20:00:52","slug":"balance","status":"publish","type":"page","link":"https:\/\/vibrations-spirituelles.fr\/index.php\/balance\/","title":{"rendered":"Balance"},"content":{"rendered":"<p><img loading=\"lazy\" decoding=\"async\" class=\" wp-image-593 alignright\" src=\"http:\/\/vibrations-spirituelles.fr\/wp-content\/uploads\/2018\/07\/t\u00e9l\u00e9chargement.png\" alt=\"\" width=\"200\" height=\"200\" srcset=\"https:\/\/vibrations-spirituelles.fr\/wp-content\/uploads\/2018\/07\/t\u00e9l\u00e9chargement.png 225w, https:\/\/vibrations-spirituelles.fr\/wp-content\/uploads\/2018\/07\/t\u00e9l\u00e9chargement-150x150.png 150w\" sizes=\"auto, (max-width: 200px) 100vw, 200px\" \/><\/p>\n<ul>\n<li><span style=\"color: #000000;\"><strong>1er d\u00e9can<\/strong> du 23 Septembre au 3 Octobre<\/span><\/li>\n<li><span style=\"color: #000000;\"><strong>2\u00e8me d\u00e9can<\/strong> du 4 au 14 Octobre<\/span><\/li>\n<li><span style=\"color: #000000;\"><strong>3\u00e8me d\u00e9can<\/strong> du 15 au 23 Octobre<\/span><\/li>\n<\/ul>\n<h3><span style=\"color: #0000ff;\"><strong>MARS 2026<\/strong><\/span><\/h3>\n<h4><span style=\"color: #000000;\">1er d\u00e9can<\/span><\/h4>\n<p><span style=\"color: #333300;\">Des contretemps stressants vous agressent (apr\u00e8s le 20 mars) ? On bloque vos initiatives et les obstacles sont r\u00e9sistants ? Il fallait bien que \u00e7a arrive. Vous aimeriez que tout se passe plus vite ou \u00e0 votre fa\u00e7on, mais certaines choses (ou certaines personnes) s\u2019y opposeront. Il est s\u00fbr que ce genre de probl\u00e8me-l\u00e0 remet bien les id\u00e9es en place. En astrologie, on dit \u00ab ciel barricad\u00e9 \u00bb. Eh oui, vous ne ma\u00eetriserez pas tout : dur \u00e0 encaisser\u2026 Vous manquerez aussi de sang-froid en diverses circonstances. Amis Balance, ne vous inqui\u00e9tez pas, les choses se d\u00e9canteront mais seulement avec le temps. Savoir attendre le moment propice est parfois la solution.<\/span><\/p>\n<h4><span style=\"color: #ffffff;\">2e d\u00e9can<\/span><\/h4>\n<p><span style=\"color: #333300;\">Natifs de la Balance, le Soleil en Poissons est pour vous une plan\u00e8te \u00ab faux-jeton \u00bb, qui pourrait bien brouiller votre jugement de temps en temps. D\u2019ici le 12 mars, vous n\u2019aurez donc pas toujours une vue tr\u00e8s juste des situations. Ensuite, entre le 15 et le 23 mars, vos sympathies comme vos antipathies risquent d\u2019\u00eatre un peu trop \u00e9pidermiques (pas tr\u00e8s raisonn\u00e9es). Ce d\u00e9saccord V\u00e9nus en B\u00e9lier-Jupiter en Cancer suscitera sans doute quelques volte-face pas \u00e9videntes \u00e0 comprendre pour votre environnement. Amis Balance, ne prenez pas tout au pied de la lettre, \u00e7a vous destressera ! Souciez-vous aussi davantage de votre ligne, surveillez votre app\u00e9tit. En g\u00e9n\u00e9ral, les petits bourrelets prolif\u00e8rent quand on subit le d\u00e9saccord V\u00e9nus-Jupiter. Ce ne sera heureusement qu\u2019\u00e9ph\u00e9m\u00e8re.<\/span><\/p>\n<h4><span style=\"color: #000000;\">3e d\u00e9can<\/span><\/h4>\n<p><span style=\"color: #333300;\">Entre le 11 et le 21 mars, vos id\u00e9es ou envies risquent d\u2019\u00eatre un peu utopiques ou trop floues. C\u2019est comme \u00e7a quand le Soleil en Poissons m\u00e8ne la danse. Apr\u00e8s le 22 mars : ah qu\u2019elle sera \u00e9nervante cette V\u00e9nus en B\u00e9lier ! Notre Balance sera un chouya indisciplin\u00e9e, d\u00e9pensi\u00e8re, capricieuse et\/ou la jouera facilement \u00ab perso \u00bb. Amis Balance, on pense donc que vous ne r\u00e9ussirez plus \u00e0 cacher vos mouvements d\u2019humeur et que ce petit c\u00f4t\u00e9 \u00ab t\u00eate-brul\u00e9e \u00bb pourrait contribuer \u00e0 faire des trous dans votre budget.<\/span><\/p>\n","protected":false},"excerpt":{"rendered":"<p>1er d\u00e9can du 23 Septembre au 3 Octobre 2\u00e8me d\u00e9can du 4 au 14 Octobre 3\u00e8me d\u00e9can du 15 au 23 Octobre MARS 2026 1er d\u00e9can Des contretemps stressants vous <a href=\"https:\/\/vibrations-spirituelles.fr\/index.php\/balance\/\" class=\"more-link\">[&hellip;]<\/a><\/p>\n","protected":false},"author":1,"featured_media":0,"parent":0,"menu_order":0,"comment_status":"closed","ping_status":"closed","template":"","meta":{"Layout":"","footnotes":""},"class_list":["entry","author-admin5388","post-560","page","type-page","status-publish"],"yoast_head":"<!-- This site is optimized with the Yoast SEO plugin v27.1.1 - https:\/\/yoast.com\/product\/yoast-seo-wordpress\/ -->\n<title>Balance - Vibrations Spirituelles<\/title>\n<meta name=\"robots\" content=\"index, follow, max-snippet:-1, max-image-preview:large, max-video-preview:-1\" \/>\n<link rel=\"canonical\" href=\"https:\/\/vibrations-spirituelles.fr\/index.php\/balance\/\" \/>\n<meta property=\"og:locale\" content=\"en_US\" \/>\n<meta property=\"og:type\" content=\"article\" \/>\n<meta property=\"og:title\" content=\"Balance - Vibrations Spirituelles\" \/>\n<meta property=\"og:description\" content=\"1er d\u00e9can du 23 Septembre au 3 Octobre 2\u00e8me d\u00e9can du 4 au 14 Octobre 3\u00e8me d\u00e9can du 15 au 23 Octobre MARS 2026 1er d\u00e9can Des contretemps stressants vous [&hellip;]\" \/>\n<meta property=\"og:url\" content=\"https:\/\/vibrations-spirituelles.fr\/index.php\/balance\/\" \/>\n<meta property=\"og:site_name\" content=\"Vibrations Spirituelles\" \/>\n<meta property=\"article:modified_time\" content=\"2026-03-05T20:00:52+00:00\" \/>\n<meta name=\"twitter:card\" content=\"summary_large_image\" \/>\n<meta name=\"twitter:label1\" content=\"Est. reading time\" \/>\n\t<meta name=\"twitter:data1\" content=\"3 minutes\" \/>\n<script type=\"application\/ld+json\" class=\"yoast-schema-graph\">{\"@context\":\"https:\/\/schema.org\",\"@graph\":[{\"@type\":\"WebPage\",\"@id\":\"https:\/\/vibrations-spirituelles.fr\/index.php\/balance\/\",\"url\":\"https:\/\/vibrations-spirituelles.fr\/index.php\/balance\/\",\"name\":\"Balance - Vibrations Spirituelles\",\"isPartOf\":{\"@id\":\"https:\/\/vibrations-spirituelles.fr\/#website\"},\"datePublished\":\"2018-07-02T22:48:28+00:00\",\"dateModified\":\"2026-03-05T20:00:52+00:00\",\"breadcrumb\":{\"@id\":\"https:\/\/vibrations-spirituelles.fr\/index.php\/balance\/#breadcrumb\"},\"inLanguage\":\"en-US\",\"potentialAction\":[{\"@type\":\"ReadAction\",\"target\":[\"https:\/\/vibrations-spirituelles.fr\/index.php\/balance\/\"]}]},{\"@type\":\"BreadcrumbList\",\"@id\":\"https:\/\/vibrations-spirituelles.fr\/index.php\/balance\/#breadcrumb\",\"itemListElement\":[{\"@type\":\"ListItem\",\"position\":1,\"name\":\"Accueil\",\"item\":\"https:\/\/vibrations-spirituelles.fr\/\"},{\"@type\":\"ListItem\",\"position\":2,\"name\":\"Balance\"}]},{\"@type\":\"WebSite\",\"@id\":\"https:\/\/vibrations-spirituelles.fr\/#website\",\"url\":\"https:\/\/vibrations-spirituelles.fr\/\",\"name\":\"Vibrations Spirituelles\",\"description\":\"Voyance sans complaisance 01.77.62.03.67\",\"publisher\":{\"@id\":\"https:\/\/vibrations-spirituelles.fr\/#organization\"},\"potentialAction\":[{\"@type\":\"SearchAction\",\"target\":{\"@type\":\"EntryPoint\",\"urlTemplate\":\"https:\/\/vibrations-spirituelles.fr\/?s={search_term_string}\"},\"query-input\":{\"@type\":\"PropertyValueSpecification\",\"valueRequired\":true,\"valueName\":\"search_term_string\"}}],\"inLanguage\":\"en-US\"},{\"@type\":\"Organization\",\"@id\":\"https:\/\/vibrations-spirituelles.fr\/#organization\",\"name\":\"Vibrations Spirituelles\",\"url\":\"https:\/\/vibrations-spirituelles.fr\/\",\"logo\":{\"@type\":\"ImageObject\",\"inLanguage\":\"en-US\",\"@id\":\"https:\/\/vibrations-spirituelles.fr\/#\/schema\/logo\/image\/\",\"url\":\"https:\/\/vibrations-spirituelles.fr\/wp-content\/uploads\/2020\/06\/cropped-Logo-2020.jpeg\",\"contentUrl\":\"https:\/\/vibrations-spirituelles.fr\/wp-content\/uploads\/2020\/06\/cropped-Logo-2020.jpeg\",\"width\":77,\"height\":78,\"caption\":\"Vibrations Spirituelles\"},\"image\":{\"@id\":\"https:\/\/vibrations-spirituelles.fr\/#\/schema\/logo\/image\/\"}}]}<\/script>\n<!-- \/ Yoast SEO plugin. -->","yoast_head_json":{"title":"Balance - Vibrations Spirituelles","robots":{"index":"index","follow":"follow","max-snippet":"max-snippet:-1","max-image-preview":"max-image-preview:large","max-video-preview":"max-video-preview:-1"},"canonical":"https:\/\/vibrations-spirituelles.fr\/index.php\/balance\/","og_locale":"en_US","og_type":"article","og_title":"Balance - Vibrations Spirituelles","og_description":"1er d\u00e9can du 23 Septembre au 3 Octobre 2\u00e8me d\u00e9can du 4 au 14 Octobre 3\u00e8me d\u00e9can du 15 au 23 Octobre MARS 2026 1er d\u00e9can Des contretemps stressants vous [&hellip;]","og_url":"https:\/\/vibrations-spirituelles.fr\/index.php\/balance\/","og_site_name":"Vibrations Spirituelles","article_modified_time":"2026-03-05T20:00:52+00:00","twitter_card":"summary_large_image","twitter_misc":{"Est. reading time":"3 minutes"},"schema":{"@context":"https:\/\/schema.org","@graph":[{"@type":"WebPage","@id":"https:\/\/vibrations-spirituelles.fr\/index.php\/balance\/","url":"https:\/\/vibrations-spirituelles.fr\/index.php\/balance\/","name":"Balance - Vibrations Spirituelles","isPartOf":{"@id":"https:\/\/vibrations-spirituelles.fr\/#website"},"datePublished":"2018-07-02T22:48:28+00:00","dateModified":"2026-03-05T20:00:52+00:00","breadcrumb":{"@id":"https:\/\/vibrations-spirituelles.fr\/index.php\/balance\/#breadcrumb"},"inLanguage":"en-US","potentialAction":[{"@type":"ReadAction","target":["https:\/\/vibrations-spirituelles.fr\/index.php\/balance\/"]}]},{"@type":"BreadcrumbList","@id":"https:\/\/vibrations-spirituelles.fr\/index.php\/balance\/#breadcrumb","itemListElement":[{"@type":"ListItem","position":1,"name":"Accueil","item":"https:\/\/vibrations-spirituelles.fr\/"},{"@type":"ListItem","position":2,"name":"Balance"}]},{"@type":"WebSite","@id":"https:\/\/vibrations-spirituelles.fr\/#website","url":"https:\/\/vibrations-spirituelles.fr\/","name":"Vibrations Spirituelles","description":"Voyance sans complaisance 01.77.62.03.67","publisher":{"@id":"https:\/\/vibrations-spirituelles.fr\/#organization"},"potentialAction":[{"@type":"SearchAction","target":{"@type":"EntryPoint","urlTemplate":"https:\/\/vibrations-spirituelles.fr\/?s={search_term_string}"},"query-input":{"@type":"PropertyValueSpecification","valueRequired":true,"valueName":"search_term_string"}}],"inLanguage":"en-US"},{"@type":"Organization","@id":"https:\/\/vibrations-spirituelles.fr\/#organization","name":"Vibrations Spirituelles","url":"https:\/\/vibrations-spirituelles.fr\/","logo":{"@type":"ImageObject","inLanguage":"en-US","@id":"https:\/\/vibrations-spirituelles.fr\/#\/schema\/logo\/image\/","url":"https:\/\/vibrations-spirituelles.fr\/wp-content\/uploads\/2020\/06\/cropped-Logo-2020.jpeg","contentUrl":"https:\/\/vibrations-spirituelles.fr\/wp-content\/uploads\/2020\/06\/cropped-Logo-2020.jpeg","width":77,"height":78,"caption":"Vibrations Spirituelles"},"image":{"@id":"https:\/\/vibrations-spirituelles.fr\/#\/schema\/logo\/image\/"}}]}},"_links":{"self":[{"href":"https:\/\/vibrations-spirituelles.fr\/index.php\/wp-json\/wp\/v2\/pages\/560","targetHints":{"allow":["GET"]}}],"collection":[{"href":"https:\/\/vibrations-spirituelles.fr\/index.php\/wp-json\/wp\/v2\/pages"}],"about":[{"href":"https:\/\/vibrations-spirituelles.fr\/index.php\/wp-json\/wp\/v2\/types\/page"}],"author":[{"embeddable":true,"href":"https:\/\/vibrations-spirituelles.fr\/index.php\/wp-json\/wp\/v2\/users\/1"}],"replies":[{"embeddable":true,"href":"https:\/\/vibrations-spirituelles.fr\/index.php\/wp-json\/wp\/v2\/comments?post=560"}],"version-history":[{"count":203,"href":"https:\/\/vibrations-spirituelles.fr\/index.php\/wp-json\/wp\/v2\/pages\/560\/revisions"}],"predecessor-version":[{"id":5556,"href":"https:\/\/vibrations-spirituelles.fr\/index.php\/wp-json\/wp\/v2\/pages\/560\/revisions\/5556"}],"wp:attachment":[{"href":"https:\/\/vibrations-spirituelles.fr\/index.php\/wp-json\/wp\/v2\/media?parent=560"}],"curies":[{"name":"wp","href":"https:\/\/api.w.org\/{rel}","templated":true}]}}