{"id":556,"date":"2018-07-03T00:48:09","date_gmt":"2018-07-02T22:48:09","guid":{"rendered":"http:\/\/vibrations-spirituelles.fr\/?page_id=556"},"modified":"2026-03-05T21:23:52","modified_gmt":"2026-03-05T20:23:52","slug":"lion","status":"publish","type":"page","link":"https:\/\/vibrations-spirituelles.fr\/index.php\/lion\/","title":{"rendered":"Lion"},"content":{"rendered":"<p><img loading=\"lazy\" decoding=\"async\" class=\" wp-image-610 alignright\" src=\"http:\/\/vibrations-spirituelles.fr\/wp-content\/uploads\/2018\/07\/t\u00e9l\u00e9chargement-3.png\" alt=\"\" width=\"200\" height=\"200\" srcset=\"https:\/\/vibrations-spirituelles.fr\/wp-content\/uploads\/2018\/07\/t\u00e9l\u00e9chargement-3.png 225w, https:\/\/vibrations-spirituelles.fr\/wp-content\/uploads\/2018\/07\/t\u00e9l\u00e9chargement-3-150x150.png 150w\" sizes=\"auto, (max-width: 200px) 100vw, 200px\" \/><\/p>\n<ul>\n<li style=\"text-align: left;\"><span style=\"color: #000000;\"><strong>1er d\u00e9can<\/strong> du 23 Septembre au 3 Octobre<\/span><\/li>\n<li style=\"text-align: left;\"><span style=\"color: #000000;\"><strong>2\u00e8me d\u00e9can<\/strong> du 4 au 14 Octobre<\/span><\/li>\n<li style=\"text-align: left;\"><span style=\"color: #000000;\"><strong>3\u00e8me d\u00e9can<\/strong> de 15 au 23 Octobre<\/span><\/li>\n<\/ul>\n<h3><span style=\"color: #0000ff;\"><strong>MARS 2026<\/strong><\/span><\/h3>\n<h4><span style=\"color: #000000;\">1e d\u00e9can<\/span><\/h4>\n<p><span style=\"color: #333300;\">Entre le 3 et le 17 mars, avec Mars en Poissons dans la place, vous serez quelquefois limite d\u00e9missionnaire. En tout cas, cette plan\u00e8te-l\u00e0 est la reine de la d\u00e9robade et le moins que l\u2019on puisse dire est que la logique ne sera pas reine dans les \u00e9v\u00e9nements de la p\u00e9riode. Amis Lion, on sent que vous naviguerez sans boussole : \u00e7a vous \u00e9chappera, \u00e7a se perdra, vous ne serez pas toujours cr\u00e9dible, ce sera confus, h\u00e9sitant, jamais tr\u00e8s probant\u2026 Si vous sentez que vous avez tendance \u00e0 vous laisser porter par la vague, r\u00e9agissez vite ! Justement, apr\u00e8s le 20 mars, vous aurez l\u2019impression de pouvoir mieux d\u00e9cider de votre vie. Vous aviez abandonn\u00e9 l\u2019id\u00e9e ? Mais non, elle \u00e9tait bonne. Allez\u2026 bougez-vous le popotin car l\u2019arriv\u00e9e du Soleil en B\u00e9lier vous soufflera \u00ab c\u2019est \u00e0 saisir, tout de suite, maintenant ! \u00bb. Retour vers le concret et passage \u00e0 l\u2019action par la m\u00eame occasion. Passivit\u00e9 et h\u00e9sitations sont des mots qui n\u2019existent plus quand le Soleil entre en B\u00e9lier. Oups\u2026 petit b\u00e9mol : au m\u00eame moment, oubliez les suppositions et attachez-vous seulement \u00e0 des certitudes. M\u00e9fiez-vous \u00e9galement de la d\u00e9sinformation.<\/span><\/p>\n<h4><span style=\"color: #000000;\">2e d\u00e9can<\/span><\/h4>\n<p><span style=\"color: #333300;\">D\u2019ici le 12 mars, la sensiblerie ne sera pas du tout conseill\u00e9e au boulot. Evitez aussi de compter sur les autres : ils ne seront pas \u00e0 la hauteur ou ils vous feront faux bond pour un oui ou pour un non. \u00c0 cause du Soleil en Poissons, on parlera globalement d\u2019un peu de laisser-aller, de d\u00e9lais non tenus, d\u2019une ambiance parfois confuse, de rapports ambigus avec certains ou d\u2019une d\u00e9pendance que vous n\u2019assumerez pas. Apr\u00e8s le 15 mars, attention aux flagrants d\u00e9lits de passivit\u00e9 ! Vous pensez qu\u2019ils ne s\u2019apercevront pas que vous n\u2019en faites pas une ? Vous vous mettez le doigt dans l\u2019\u0153il car on parie qu\u2019ils vont en profiter fissa. Il faudra aussi clarifier vos objectifs : naviguer \u00e0 vue n\u2019est jamais une solution quand Mars est en Poissons. Natifs du Lion, ne louvoyez pas trop et dissipez vite la moindre esquisse de malentendu car cette plan\u00e8te-l\u00e0 a tendance \u00e0 enrober toute situation d\u2019un certain flou artistique. Derni\u00e8re chose : il faudra \u00e9viter de rester \u00e0 la merci de la peur du conflit.<\/span><\/p>\n<h4><strong><span style=\"color: #000000;\">3e d\u00e9can<\/span><\/strong><\/h4>\n<p><span style=\"color: #333300;\">Entre le 11 et le 19 mars, la pr\u00e9sence du Soleil en Poissons pourra parfois changer vos certitudes en fakes. Amis Lion, ne vous \u00e9tonnez donc pas trop si certaines de vos attentes s\u2019envolent en fum\u00e9e\u2026 Et puis les avis et conseils des autres, passez-les \u00e0 la passoire avant de vous faire avoir. On craint donc des effets trompe-l\u2019\u0153il, mais vous voil\u00e0 avertie\u2026 Ouf : apr\u00e8s le 22 mars, vous trouverez l\u2019air du temps tr\u00e8s r\u00e9g\u00e9n\u00e9rant. Est-ce l\u2019arriv\u00e9e du Printemps qui vous donnera cette sensation de vivre plus intens\u00e9ment ? En tout cas, il se passera toujours quelque chose et le climat ne risque pas d\u2019\u00eatre morose. Tout sera fait pour vous maintenir dans le mouv\u2019. Une f\u00eate par ci, un happening sympa par l\u00e0\u2026 Profitez-en !<\/span><\/p>\n","protected":false},"excerpt":{"rendered":"<p>1er d\u00e9can du 23 Septembre au 3 Octobre 2\u00e8me d\u00e9can du 4 au 14 Octobre 3\u00e8me d\u00e9can de 15 au 23 Octobre MARS 2026 1e d\u00e9can Entre le 3 et <a href=\"https:\/\/vibrations-spirituelles.fr\/index.php\/lion\/\" class=\"more-link\">[&hellip;]<\/a><\/p>\n","protected":false},"author":1,"featured_media":0,"parent":0,"menu_order":0,"comment_status":"closed","ping_status":"closed","template":"","meta":{"Layout":"","footnotes":""},"class_list":["entry","author-admin5388","post-556","page","type-page","status-publish"],"yoast_head":"<!-- This site is optimized with the Yoast SEO plugin v27.1.1 - https:\/\/yoast.com\/product\/yoast-seo-wordpress\/ -->\n<title>Lion - Vibrations Spirituelles<\/title>\n<meta name=\"robots\" content=\"index, follow, max-snippet:-1, max-image-preview:large, max-video-preview:-1\" \/>\n<link rel=\"canonical\" href=\"https:\/\/vibrations-spirituelles.fr\/index.php\/lion\/\" \/>\n<meta property=\"og:locale\" content=\"en_US\" \/>\n<meta property=\"og:type\" content=\"article\" \/>\n<meta property=\"og:title\" content=\"Lion - Vibrations Spirituelles\" \/>\n<meta property=\"og:description\" content=\"1er d\u00e9can du 23 Septembre au 3 Octobre 2\u00e8me d\u00e9can du 4 au 14 Octobre 3\u00e8me d\u00e9can de 15 au 23 Octobre MARS 2026 1e d\u00e9can Entre le 3 et [&hellip;]\" \/>\n<meta property=\"og:url\" content=\"https:\/\/vibrations-spirituelles.fr\/index.php\/lion\/\" \/>\n<meta property=\"og:site_name\" content=\"Vibrations Spirituelles\" \/>\n<meta property=\"article:modified_time\" content=\"2026-03-05T20:23:52+00:00\" \/>\n<meta name=\"twitter:card\" content=\"summary_large_image\" \/>\n<meta name=\"twitter:label1\" content=\"Est. reading time\" \/>\n\t<meta name=\"twitter:data1\" content=\"3 minutes\" \/>\n<script type=\"application\/ld+json\" class=\"yoast-schema-graph\">{\"@context\":\"https:\/\/schema.org\",\"@graph\":[{\"@type\":\"WebPage\",\"@id\":\"https:\/\/vibrations-spirituelles.fr\/index.php\/lion\/\",\"url\":\"https:\/\/vibrations-spirituelles.fr\/index.php\/lion\/\",\"name\":\"Lion - Vibrations Spirituelles\",\"isPartOf\":{\"@id\":\"https:\/\/vibrations-spirituelles.fr\/#website\"},\"datePublished\":\"2018-07-02T22:48:09+00:00\",\"dateModified\":\"2026-03-05T20:23:52+00:00\",\"breadcrumb\":{\"@id\":\"https:\/\/vibrations-spirituelles.fr\/index.php\/lion\/#breadcrumb\"},\"inLanguage\":\"en-US\",\"potentialAction\":[{\"@type\":\"ReadAction\",\"target\":[\"https:\/\/vibrations-spirituelles.fr\/index.php\/lion\/\"]}]},{\"@type\":\"BreadcrumbList\",\"@id\":\"https:\/\/vibrations-spirituelles.fr\/index.php\/lion\/#breadcrumb\",\"itemListElement\":[{\"@type\":\"ListItem\",\"position\":1,\"name\":\"Accueil\",\"item\":\"https:\/\/vibrations-spirituelles.fr\/\"},{\"@type\":\"ListItem\",\"position\":2,\"name\":\"Lion\"}]},{\"@type\":\"WebSite\",\"@id\":\"https:\/\/vibrations-spirituelles.fr\/#website\",\"url\":\"https:\/\/vibrations-spirituelles.fr\/\",\"name\":\"Vibrations Spirituelles\",\"description\":\"Voyance sans complaisance 01.77.62.03.67\",\"publisher\":{\"@id\":\"https:\/\/vibrations-spirituelles.fr\/#organization\"},\"potentialAction\":[{\"@type\":\"SearchAction\",\"target\":{\"@type\":\"EntryPoint\",\"urlTemplate\":\"https:\/\/vibrations-spirituelles.fr\/?s={search_term_string}\"},\"query-input\":{\"@type\":\"PropertyValueSpecification\",\"valueRequired\":true,\"valueName\":\"search_term_string\"}}],\"inLanguage\":\"en-US\"},{\"@type\":\"Organization\",\"@id\":\"https:\/\/vibrations-spirituelles.fr\/#organization\",\"name\":\"Vibrations Spirituelles\",\"url\":\"https:\/\/vibrations-spirituelles.fr\/\",\"logo\":{\"@type\":\"ImageObject\",\"inLanguage\":\"en-US\",\"@id\":\"https:\/\/vibrations-spirituelles.fr\/#\/schema\/logo\/image\/\",\"url\":\"https:\/\/vibrations-spirituelles.fr\/wp-content\/uploads\/2020\/06\/cropped-Logo-2020.jpeg\",\"contentUrl\":\"https:\/\/vibrations-spirituelles.fr\/wp-content\/uploads\/2020\/06\/cropped-Logo-2020.jpeg\",\"width\":77,\"height\":78,\"caption\":\"Vibrations Spirituelles\"},\"image\":{\"@id\":\"https:\/\/vibrations-spirituelles.fr\/#\/schema\/logo\/image\/\"}}]}<\/script>\n<!-- \/ Yoast SEO plugin. -->","yoast_head_json":{"title":"Lion - Vibrations Spirituelles","robots":{"index":"index","follow":"follow","max-snippet":"max-snippet:-1","max-image-preview":"max-image-preview:large","max-video-preview":"max-video-preview:-1"},"canonical":"https:\/\/vibrations-spirituelles.fr\/index.php\/lion\/","og_locale":"en_US","og_type":"article","og_title":"Lion - Vibrations Spirituelles","og_description":"1er d\u00e9can du 23 Septembre au 3 Octobre 2\u00e8me d\u00e9can du 4 au 14 Octobre 3\u00e8me d\u00e9can de 15 au 23 Octobre MARS 2026 1e d\u00e9can Entre le 3 et [&hellip;]","og_url":"https:\/\/vibrations-spirituelles.fr\/index.php\/lion\/","og_site_name":"Vibrations Spirituelles","article_modified_time":"2026-03-05T20:23:52+00:00","twitter_card":"summary_large_image","twitter_misc":{"Est. reading time":"3 minutes"},"schema":{"@context":"https:\/\/schema.org","@graph":[{"@type":"WebPage","@id":"https:\/\/vibrations-spirituelles.fr\/index.php\/lion\/","url":"https:\/\/vibrations-spirituelles.fr\/index.php\/lion\/","name":"Lion - Vibrations Spirituelles","isPartOf":{"@id":"https:\/\/vibrations-spirituelles.fr\/#website"},"datePublished":"2018-07-02T22:48:09+00:00","dateModified":"2026-03-05T20:23:52+00:00","breadcrumb":{"@id":"https:\/\/vibrations-spirituelles.fr\/index.php\/lion\/#breadcrumb"},"inLanguage":"en-US","potentialAction":[{"@type":"ReadAction","target":["https:\/\/vibrations-spirituelles.fr\/index.php\/lion\/"]}]},{"@type":"BreadcrumbList","@id":"https:\/\/vibrations-spirituelles.fr\/index.php\/lion\/#breadcrumb","itemListElement":[{"@type":"ListItem","position":1,"name":"Accueil","item":"https:\/\/vibrations-spirituelles.fr\/"},{"@type":"ListItem","position":2,"name":"Lion"}]},{"@type":"WebSite","@id":"https:\/\/vibrations-spirituelles.fr\/#website","url":"https:\/\/vibrations-spirituelles.fr\/","name":"Vibrations Spirituelles","description":"Voyance sans complaisance 01.77.62.03.67","publisher":{"@id":"https:\/\/vibrations-spirituelles.fr\/#organization"},"potentialAction":[{"@type":"SearchAction","target":{"@type":"EntryPoint","urlTemplate":"https:\/\/vibrations-spirituelles.fr\/?s={search_term_string}"},"query-input":{"@type":"PropertyValueSpecification","valueRequired":true,"valueName":"search_term_string"}}],"inLanguage":"en-US"},{"@type":"Organization","@id":"https:\/\/vibrations-spirituelles.fr\/#organization","name":"Vibrations Spirituelles","url":"https:\/\/vibrations-spirituelles.fr\/","logo":{"@type":"ImageObject","inLanguage":"en-US","@id":"https:\/\/vibrations-spirituelles.fr\/#\/schema\/logo\/image\/","url":"https:\/\/vibrations-spirituelles.fr\/wp-content\/uploads\/2020\/06\/cropped-Logo-2020.jpeg","contentUrl":"https:\/\/vibrations-spirituelles.fr\/wp-content\/uploads\/2020\/06\/cropped-Logo-2020.jpeg","width":77,"height":78,"caption":"Vibrations Spirituelles"},"image":{"@id":"https:\/\/vibrations-spirituelles.fr\/#\/schema\/logo\/image\/"}}]}},"_links":{"self":[{"href":"https:\/\/vibrations-spirituelles.fr\/index.php\/wp-json\/wp\/v2\/pages\/556","targetHints":{"allow":["GET"]}}],"collection":[{"href":"https:\/\/vibrations-spirituelles.fr\/index.php\/wp-json\/wp\/v2\/pages"}],"about":[{"href":"https:\/\/vibrations-spirituelles.fr\/index.php\/wp-json\/wp\/v2\/types\/page"}],"author":[{"embeddable":true,"href":"https:\/\/vibrations-spirituelles.fr\/index.php\/wp-json\/wp\/v2\/users\/1"}],"replies":[{"embeddable":true,"href":"https:\/\/vibrations-spirituelles.fr\/index.php\/wp-json\/wp\/v2\/comments?post=556"}],"version-history":[{"count":188,"href":"https:\/\/vibrations-spirituelles.fr\/index.php\/wp-json\/wp\/v2\/pages\/556\/revisions"}],"predecessor-version":[{"id":5570,"href":"https:\/\/vibrations-spirituelles.fr\/index.php\/wp-json\/wp\/v2\/pages\/556\/revisions\/5570"}],"wp:attachment":[{"href":"https:\/\/vibrations-spirituelles.fr\/index.php\/wp-json\/wp\/v2\/media?parent=556"}],"curies":[{"name":"wp","href":"https:\/\/api.w.org\/{rel}","templated":true}]}}