{"id":550,"date":"2018-07-03T00:47:31","date_gmt":"2018-07-02T22:47:31","guid":{"rendered":"http:\/\/vibrations-spirituelles.fr\/?page_id=550"},"modified":"2026-03-05T21:30:46","modified_gmt":"2026-03-05T20:30:46","slug":"taureau","status":"publish","type":"page","link":"https:\/\/vibrations-spirituelles.fr\/index.php\/taureau\/","title":{"rendered":"Taureau"},"content":{"rendered":"<p><img loading=\"lazy\" decoding=\"async\" class=\" wp-image-624 alignright\" src=\"http:\/\/vibrations-spirituelles.fr\/wp-content\/uploads\/2018\/07\/t\u00e9l\u00e9chargement-4.png\" alt=\"\" width=\"200\" height=\"200\" srcset=\"https:\/\/vibrations-spirituelles.fr\/wp-content\/uploads\/2018\/07\/t\u00e9l\u00e9chargement-4.png 225w, https:\/\/vibrations-spirituelles.fr\/wp-content\/uploads\/2018\/07\/t\u00e9l\u00e9chargement-4-150x150.png 150w\" sizes=\"auto, (max-width: 200px) 100vw, 200px\" \/><\/p>\n<ul>\n<li style=\"text-align: left;\"><span style=\"color: #000000;\"><strong>1er d\u00e9can<\/strong> du 21 au 30 Avril<\/span><\/li>\n<li style=\"text-align: left;\"><span style=\"color: #000000;\"><strong>2\u00e8me d\u00e9can<\/strong> du 1er au 10 Mai<\/span><\/li>\n<li style=\"text-align: left;\"><span style=\"color: #000000;\"><strong>3\u00e8me d\u00e9can<\/strong> de 11 au 20 Mai<\/span><\/li>\n<\/ul>\n<h3><span style=\"color: #0000ff;\"><strong>MARS 2026<\/strong><\/span><\/h3>\n<h4><span style=\"color: #000000;\">1er d\u00e9can<\/span><\/h4>\n<p><span style=\"color: #333300;\">La plan\u00e8te Mars en Poissons est connue pour valoriser les qualit\u00e9s humaines de notre Taureau. Ce sera entre le 3 et le 17 mars. Cette plan\u00e8te-l\u00e0 fait \u00e9galement tomber les barri\u00e8res entre vous et les autres, ce qui sugg\u00e8re que vous ferez plus facilement le choix de l\u2019int\u00e9r\u00eat commun. Par exemple, un projet associatif tomberait \u00e0 pic. Vous verrez qu\u2019en certaines circonstances, c\u2019est beaucoup plus gratifiant que de la jouer perso. Donner dans le caritatif pourrait \u00e9galement \u00eatre source de belles satisfactions. Par ailleurs, vous n\u2019aurez plus envie de forcer les choses. \u00c7a viendra quand \u00e7a viendra et ce sera aussi bien comme \u00e7a. Apr\u00e8s le 21 mars, un pressentiment que vous aviez d\u00e9j\u00e0 depuis quelques temps pourrait se r\u00e9v\u00e9ler exact. Ou bien vous retrouverez par hasard un objet cher que vous aviez perdu ou \u00e9gar\u00e9 auparavant. Le retour de Mercure en Poissons (apr\u00e8s sa r\u00e9trogradation) sera en tout cas une bonne nouvelle pour vous, amis Taureau.\/span><\/p>\n<h4><span style=\"color: #000000;\">2e d\u00e9can<\/span><\/h4>\n<p><span style=\"color: #333300;\">D\u2019ici le 12 mars, vous devinerez tellement facilement ce que l\u2019on attend de vous que vous ne risquez pas de d\u00e9cevoir. C\u2019est comme \u00e7a quand le Soleil en Poissons s\u2019allie \u00e0 Jupiter en Cancer. Des moments magiques vous attendent \u00e9galement de pied ferme et les petits coups de chance de ce d\u00e9but de mois viendront probablement de membres de votre clan. Apr\u00e8s le 15 mars, s\u2019il faut donner de votre personne pour un projet qui soutient la cause familiale, non seulement vous le ferez mais en plus ce sera avec succ\u00e8s. Traduisez que vous serez la bienveillance incarn\u00e9e et que vos initiatives iront droit au c\u0153ur des personnes concern\u00e9es. On rajoutera qu\u2019avec ces chanceuses plan\u00e8tes-l\u00e0, vous n\u2019h\u00e9siterez plus \u00e0 penser et \u00e0 dire \u00ab c\u2019est tellement mieux qu\u2019avant ! \u00bb. Sans compter qu\u2019elles pourraient avoir sur vous un effet b\u00e9atitude plut\u00f4t sympa.<\/span><\/p>\n<h4><span style=\"color: #000000;\">3e d\u00e9can<\/span><\/h4>\n<p><span style=\"color: #333300;\">Une porte s\u2019ouvre, un impr\u00e9vu se faufile, une id\u00e9e fulgurante vous trotte dans la t\u00eate et il ne reste plus qu\u2019\u00e0 vous dire \u00ab pourquoi pas ? \u00bb. Amis Taureau, tout \u00e7a pour vous expliquer que la vibe de la p\u00e9riode du 11 au 22 mars pourrait se r\u00e9sumer ainsi : un peu de l\u00e2cher-prise pour plus de surprises ! Parfois, le destin se pare du charme de l\u2019impr\u00e9visible et c\u2019est justement le cas quand le Soleil en Poissons s\u2019accorde aussi bien avec Uranus. Bref, les jolis \u00e9v\u00e9nements fortuits de cette p\u00e9riode pr\u00e9cise risquent de vous plaire.<\/span><\/p>\n","protected":false},"excerpt":{"rendered":"<p>1er d\u00e9can du 21 au 30 Avril 2\u00e8me d\u00e9can du 1er au 10 Mai 3\u00e8me d\u00e9can de 11 au 20 Mai MARS 2026 1er d\u00e9can La plan\u00e8te Mars en Poissons <a href=\"https:\/\/vibrations-spirituelles.fr\/index.php\/taureau\/\" class=\"more-link\">[&hellip;]<\/a><\/p>\n","protected":false},"author":1,"featured_media":0,"parent":0,"menu_order":0,"comment_status":"closed","ping_status":"closed","template":"","meta":{"Layout":"","footnotes":""},"class_list":["entry","author-admin5388","post-550","page","type-page","status-publish"],"yoast_head":"<!-- This site is optimized with the Yoast SEO plugin v27.1.1 - https:\/\/yoast.com\/product\/yoast-seo-wordpress\/ -->\n<title>Taureau - Vibrations Spirituelles<\/title>\n<meta name=\"robots\" content=\"index, follow, max-snippet:-1, max-image-preview:large, max-video-preview:-1\" \/>\n<link rel=\"canonical\" href=\"https:\/\/vibrations-spirituelles.fr\/index.php\/taureau\/\" \/>\n<meta property=\"og:locale\" content=\"en_US\" \/>\n<meta property=\"og:type\" content=\"article\" \/>\n<meta property=\"og:title\" content=\"Taureau - Vibrations Spirituelles\" \/>\n<meta property=\"og:description\" content=\"1er d\u00e9can du 21 au 30 Avril 2\u00e8me d\u00e9can du 1er au 10 Mai 3\u00e8me d\u00e9can de 11 au 20 Mai MARS 2026 1er d\u00e9can La plan\u00e8te Mars en Poissons [&hellip;]\" \/>\n<meta property=\"og:url\" content=\"https:\/\/vibrations-spirituelles.fr\/index.php\/taureau\/\" \/>\n<meta property=\"og:site_name\" content=\"Vibrations Spirituelles\" \/>\n<meta property=\"article:modified_time\" content=\"2026-03-05T20:30:46+00:00\" \/>\n<meta name=\"twitter:card\" content=\"summary_large_image\" \/>\n<meta name=\"twitter:label1\" content=\"Est. reading time\" \/>\n\t<meta name=\"twitter:data1\" content=\"3 minutes\" \/>\n<script type=\"application\/ld+json\" class=\"yoast-schema-graph\">{\"@context\":\"https:\/\/schema.org\",\"@graph\":[{\"@type\":\"WebPage\",\"@id\":\"https:\/\/vibrations-spirituelles.fr\/index.php\/taureau\/\",\"url\":\"https:\/\/vibrations-spirituelles.fr\/index.php\/taureau\/\",\"name\":\"Taureau - Vibrations Spirituelles\",\"isPartOf\":{\"@id\":\"https:\/\/vibrations-spirituelles.fr\/#website\"},\"datePublished\":\"2018-07-02T22:47:31+00:00\",\"dateModified\":\"2026-03-05T20:30:46+00:00\",\"breadcrumb\":{\"@id\":\"https:\/\/vibrations-spirituelles.fr\/index.php\/taureau\/#breadcrumb\"},\"inLanguage\":\"en-US\",\"potentialAction\":[{\"@type\":\"ReadAction\",\"target\":[\"https:\/\/vibrations-spirituelles.fr\/index.php\/taureau\/\"]}]},{\"@type\":\"BreadcrumbList\",\"@id\":\"https:\/\/vibrations-spirituelles.fr\/index.php\/taureau\/#breadcrumb\",\"itemListElement\":[{\"@type\":\"ListItem\",\"position\":1,\"name\":\"Accueil\",\"item\":\"https:\/\/vibrations-spirituelles.fr\/\"},{\"@type\":\"ListItem\",\"position\":2,\"name\":\"Taureau\"}]},{\"@type\":\"WebSite\",\"@id\":\"https:\/\/vibrations-spirituelles.fr\/#website\",\"url\":\"https:\/\/vibrations-spirituelles.fr\/\",\"name\":\"Vibrations Spirituelles\",\"description\":\"Voyance sans complaisance 01.77.62.03.67\",\"publisher\":{\"@id\":\"https:\/\/vibrations-spirituelles.fr\/#organization\"},\"potentialAction\":[{\"@type\":\"SearchAction\",\"target\":{\"@type\":\"EntryPoint\",\"urlTemplate\":\"https:\/\/vibrations-spirituelles.fr\/?s={search_term_string}\"},\"query-input\":{\"@type\":\"PropertyValueSpecification\",\"valueRequired\":true,\"valueName\":\"search_term_string\"}}],\"inLanguage\":\"en-US\"},{\"@type\":\"Organization\",\"@id\":\"https:\/\/vibrations-spirituelles.fr\/#organization\",\"name\":\"Vibrations Spirituelles\",\"url\":\"https:\/\/vibrations-spirituelles.fr\/\",\"logo\":{\"@type\":\"ImageObject\",\"inLanguage\":\"en-US\",\"@id\":\"https:\/\/vibrations-spirituelles.fr\/#\/schema\/logo\/image\/\",\"url\":\"https:\/\/vibrations-spirituelles.fr\/wp-content\/uploads\/2020\/06\/cropped-Logo-2020.jpeg\",\"contentUrl\":\"https:\/\/vibrations-spirituelles.fr\/wp-content\/uploads\/2020\/06\/cropped-Logo-2020.jpeg\",\"width\":77,\"height\":78,\"caption\":\"Vibrations Spirituelles\"},\"image\":{\"@id\":\"https:\/\/vibrations-spirituelles.fr\/#\/schema\/logo\/image\/\"}}]}<\/script>\n<!-- \/ Yoast SEO plugin. -->","yoast_head_json":{"title":"Taureau - Vibrations Spirituelles","robots":{"index":"index","follow":"follow","max-snippet":"max-snippet:-1","max-image-preview":"max-image-preview:large","max-video-preview":"max-video-preview:-1"},"canonical":"https:\/\/vibrations-spirituelles.fr\/index.php\/taureau\/","og_locale":"en_US","og_type":"article","og_title":"Taureau - Vibrations Spirituelles","og_description":"1er d\u00e9can du 21 au 30 Avril 2\u00e8me d\u00e9can du 1er au 10 Mai 3\u00e8me d\u00e9can de 11 au 20 Mai MARS 2026 1er d\u00e9can La plan\u00e8te Mars en Poissons [&hellip;]","og_url":"https:\/\/vibrations-spirituelles.fr\/index.php\/taureau\/","og_site_name":"Vibrations Spirituelles","article_modified_time":"2026-03-05T20:30:46+00:00","twitter_card":"summary_large_image","twitter_misc":{"Est. reading time":"3 minutes"},"schema":{"@context":"https:\/\/schema.org","@graph":[{"@type":"WebPage","@id":"https:\/\/vibrations-spirituelles.fr\/index.php\/taureau\/","url":"https:\/\/vibrations-spirituelles.fr\/index.php\/taureau\/","name":"Taureau - Vibrations Spirituelles","isPartOf":{"@id":"https:\/\/vibrations-spirituelles.fr\/#website"},"datePublished":"2018-07-02T22:47:31+00:00","dateModified":"2026-03-05T20:30:46+00:00","breadcrumb":{"@id":"https:\/\/vibrations-spirituelles.fr\/index.php\/taureau\/#breadcrumb"},"inLanguage":"en-US","potentialAction":[{"@type":"ReadAction","target":["https:\/\/vibrations-spirituelles.fr\/index.php\/taureau\/"]}]},{"@type":"BreadcrumbList","@id":"https:\/\/vibrations-spirituelles.fr\/index.php\/taureau\/#breadcrumb","itemListElement":[{"@type":"ListItem","position":1,"name":"Accueil","item":"https:\/\/vibrations-spirituelles.fr\/"},{"@type":"ListItem","position":2,"name":"Taureau"}]},{"@type":"WebSite","@id":"https:\/\/vibrations-spirituelles.fr\/#website","url":"https:\/\/vibrations-spirituelles.fr\/","name":"Vibrations Spirituelles","description":"Voyance sans complaisance 01.77.62.03.67","publisher":{"@id":"https:\/\/vibrations-spirituelles.fr\/#organization"},"potentialAction":[{"@type":"SearchAction","target":{"@type":"EntryPoint","urlTemplate":"https:\/\/vibrations-spirituelles.fr\/?s={search_term_string}"},"query-input":{"@type":"PropertyValueSpecification","valueRequired":true,"valueName":"search_term_string"}}],"inLanguage":"en-US"},{"@type":"Organization","@id":"https:\/\/vibrations-spirituelles.fr\/#organization","name":"Vibrations Spirituelles","url":"https:\/\/vibrations-spirituelles.fr\/","logo":{"@type":"ImageObject","inLanguage":"en-US","@id":"https:\/\/vibrations-spirituelles.fr\/#\/schema\/logo\/image\/","url":"https:\/\/vibrations-spirituelles.fr\/wp-content\/uploads\/2020\/06\/cropped-Logo-2020.jpeg","contentUrl":"https:\/\/vibrations-spirituelles.fr\/wp-content\/uploads\/2020\/06\/cropped-Logo-2020.jpeg","width":77,"height":78,"caption":"Vibrations Spirituelles"},"image":{"@id":"https:\/\/vibrations-spirituelles.fr\/#\/schema\/logo\/image\/"}}]}},"_links":{"self":[{"href":"https:\/\/vibrations-spirituelles.fr\/index.php\/wp-json\/wp\/v2\/pages\/550","targetHints":{"allow":["GET"]}}],"collection":[{"href":"https:\/\/vibrations-spirituelles.fr\/index.php\/wp-json\/wp\/v2\/pages"}],"about":[{"href":"https:\/\/vibrations-spirituelles.fr\/index.php\/wp-json\/wp\/v2\/types\/page"}],"author":[{"embeddable":true,"href":"https:\/\/vibrations-spirituelles.fr\/index.php\/wp-json\/wp\/v2\/users\/1"}],"replies":[{"embeddable":true,"href":"https:\/\/vibrations-spirituelles.fr\/index.php\/wp-json\/wp\/v2\/comments?post=550"}],"version-history":[{"count":171,"href":"https:\/\/vibrations-spirituelles.fr\/index.php\/wp-json\/wp\/v2\/pages\/550\/revisions"}],"predecessor-version":[{"id":5576,"href":"https:\/\/vibrations-spirituelles.fr\/index.php\/wp-json\/wp\/v2\/pages\/550\/revisions\/5576"}],"wp:attachment":[{"href":"https:\/\/vibrations-spirituelles.fr\/index.php\/wp-json\/wp\/v2\/media?parent=550"}],"curies":[{"name":"wp","href":"https:\/\/api.w.org\/{rel}","templated":true}]}}