{"id":165,"date":"2018-01-28T14:26:50","date_gmt":"2018-01-28T13:26:50","guid":{"rendered":"http:\/\/vibrations-spirituelles.fr\/?page_id=165"},"modified":"2026-03-05T21:36:46","modified_gmt":"2026-03-05T20:36:46","slug":"planning-des-voyants-cb","status":"publish","type":"page","link":"https:\/\/vibrations-spirituelles.fr\/","title":{"rendered":"Consultations de voyance par t\u00e9l\u00e9phone, tchat et mail, en priv\u00e9\u00a0CB"},"content":{"rendered":"<h3 style=\"text-align: center;\"><span style=\"color: #000000;\"><strong><span style=\"color: #ff0000;\"><span style=\"color: #333333;\"><span style=\"color: #7d59bd;\"><span style=\"color: #000000;\">\u2663\u00a0<\/span> <span style=\"color: #ff0000;\">\u2665<\/span>\u00a0 <\/span><\/span><\/span><\/strong>Bienvenue sur<\/span> <span style=\"color: #8655c2;\">VIBRATIONS SPIRITUELLES<span style=\"color: #000000;\">\u00a0<strong><span style=\"color: #0000ff;\"><span style=\"color: #ff0000;\"><span style=\"color: #333333;\"><span style=\"color: #7d59bd;\"><span style=\"color: #ff0000;\"> \u2666\u00a0<\/span><span style=\"color: #000000;\"> \u2660<\/span><\/span><\/span><\/span><\/span><\/strong><\/span><\/span><\/h3>\n<hr \/>\n<p style=\"text-align: center;\"><strong><span style=\"color: #000000;\">\u2663<\/span> <span style=\"color: #ff0000;\">\u2665<\/span> <span style=\"color: #000000;\">Pour ce mois de <\/span><\/strong><strong><span style=\"color: #0000ff;\">MARS 2026<\/span>\u00a0<span style=\"color: #ff0000;\">\u2666<\/span> <span style=\"color: #000000;\">\u2660<\/span><\/strong><\/p>\n<p><img loading=\"lazy\" decoding=\"async\" class=\"aligncenter size-full wp-image-5072\" src=\"http:\/\/vibrations-spirituelles.fr\/wp-content\/uploads\/2024\/11\/Capture-decran-2024-11-05-a-15.32.18.png\" alt=\"\" width=\"746\" height=\"213\" srcset=\"https:\/\/vibrations-spirituelles.fr\/wp-content\/uploads\/2024\/11\/Capture-decran-2024-11-05-a-15.32.18.png 746w, https:\/\/vibrations-spirituelles.fr\/wp-content\/uploads\/2024\/11\/Capture-decran-2024-11-05-a-15.32.18-300x86.png 300w\" sizes=\"auto, (max-width: 746px) 100vw, 746px\" \/><\/p>\n<table class=\" alignright\" border=\"0\" width=\"100%\" cellspacing=\"0\" cellpadding=\"0\">\n<tbody>\n<tr>\n<td style=\"text-align: center;\" align=\"left\"><strong><span style=\"color: #000000;\">Pour consulter tous nos<\/span> <span style=\"color: #8655c2;\">TARIFS<\/span> <\/strong><span style=\"color: #000000;\"><em>(en dehors des p\u00e9riodes de promotion)<\/em>, ainsi que <\/span><strong><span style=\"color: #000000;\">le fonctionnement<\/span> &#8211; <span style=\"color: #0000ff;\">\u00e9thique<\/span> &#8211; <\/strong><span style=\"color: #000000;\">de la plateforme :<\/span><br \/>\n&gt; <a href=\"http:\/\/vibrations-spirituelles.fr\/index.php\/tarifs\/\"><span style=\"color: #ff0000;\"><strong>RENDEZ-VOUS ICI<\/strong><\/span><\/a> &lt;<\/td>\n<\/tr>\n<\/tbody>\n<\/table>\n<hr \/>\n<table border=\"0\" width=\"100%\" cellspacing=\"0\" cellpadding=\"0\">\n<tbody>\n<tr>\n<td style=\"text-align: center;\" align=\"left\"><img loading=\"lazy\" decoding=\"async\" class=\"aligncenter wp-image-3349 size-full\" src=\"http:\/\/vibrations-spirituelles.fr\/wp-content\/uploads\/2022\/01\/Janvier.png\" alt=\"\" width=\"590\" height=\"294\" srcset=\"https:\/\/vibrations-spirituelles.fr\/wp-content\/uploads\/2022\/01\/Janvier.png 590w, https:\/\/vibrations-spirituelles.fr\/wp-content\/uploads\/2022\/01\/Janvier-300x149.png 300w\" sizes=\"auto, (max-width: 590px) 100vw, 590px\" \/><strong><em><span style=\"color: #000000;\"><span style=\"color: #7d59bd;\">VIBRATIONS SPIRITUELLES<\/span> <\/span><\/em><\/strong><strong style=\"font-family: inherit;\"><em><span style=\"color: #000000;\">et toute son \u00e9quipe<br \/>\nvous souhaitent<span style=\"color: #ff0000;\"><span style=\"color: #000000;\"> un <span style=\"color: #ff0000;\">heureux mois de Mars <span style=\"color: #000000;\"><br \/>\n<span style=\"color: #808080;\">#Prenez soin de vous et de vos proches<\/span><\/span><\/span><\/em><\/strong><\/td>\n<\/tr>\n<\/tbody>\n<\/table>\n<hr \/>\n<p><a href=\"http:\/\/vibrations-spirituelles.fr\/index.php\/horoscope\/\"><img loading=\"lazy\" decoding=\"async\" class=\"wp-image-654 aligncenter\" src=\"http:\/\/vibrations-spirituelles.fr\/wp-content\/uploads\/2018\/08\/Sansrutyu-titre-2-300x56.jpg\" alt=\"\" width=\"429\" height=\"80\" srcset=\"https:\/\/vibrations-spirituelles.fr\/wp-content\/uploads\/2018\/08\/Sansrutyu-titre-2-300x56.jpg 300w, https:\/\/vibrations-spirituelles.fr\/wp-content\/uploads\/2018\/08\/Sansrutyu-titre-2-768x144.jpg 768w, https:\/\/vibrations-spirituelles.fr\/wp-content\/uploads\/2018\/08\/Sansrutyu-titre-2-1024x192.jpg 1024w, https:\/\/vibrations-spirituelles.fr\/wp-content\/uploads\/2018\/08\/Sansrutyu-titre-2.jpg 1280w\" sizes=\"auto, (max-width: 429px) 100vw, 429px\" \/><\/a><\/p>\n<hr \/>\n<p style=\"text-align: center;\"><span style=\"color: #000000;\"><span style=\"color: #6a48ab;\"><strong><span class=\"il\">VIBRATIONS SPIRITUELLES <\/span><\/strong><\/span><em>vous propose des <span style=\"color: #6a48ab;\"><strong><span class=\"il\">consultations de voyance<\/span><\/strong><\/span><span style=\"color: #0000ff;\"><strong><span style=\"color: #000000;\">\u00a0<\/span><\/strong><span style=\"color: #000000;\">par<\/span> <strong>t\u00e9l\u00e9phone <span style=\"color: #000000;\">en priv\u00e9<\/span><\/strong><\/span>, sans attente, en paiement par <strong>C<\/strong><span style=\"color: #ff0000;\"><strong><span style=\"color: #000000;\">arte Bancaire<\/span> 100% s\u00e9curis\u00e9<\/strong><\/span>. Nos voyants sont de r\u00e9els voyants, test\u00e9s, qui oeuvrent avec passion et professionnalisme. <span style=\"color: #6a48ab;\"><strong><span class=\"il\">Consultations de voyance<\/span><\/strong><\/span><span style=\"color: #0000ff;\"><strong><span style=\"color: #000000;\">\u00a0<\/span><\/strong><span style=\"color: #000000;\">par<\/span> <strong>t\u00e9l\u00e9phone<\/strong><span style=\"color: #000000;\"> et par<\/span><strong> tchat<\/strong><\/span> accessibles tous les jours et \u00e0 toutes heures.<\/em><\/span><\/p>\n<p><img loading=\"lazy\" decoding=\"async\" class=\"size-medium wp-image-403 aligncenter\" src=\"http:\/\/vibrations-spirituelles.fr\/wp-content\/uploads\/2018\/02\/Sans-titre16-Recovered-300x37.jpg\" alt=\"\" width=\"300\" height=\"37\" srcset=\"https:\/\/vibrations-spirituelles.fr\/wp-content\/uploads\/2018\/02\/Sans-titre16-Recovered-300x37.jpg 300w, https:\/\/vibrations-spirituelles.fr\/wp-content\/uploads\/2018\/02\/Sans-titre16-Recovered.jpg 394w\" sizes=\"auto, (max-width: 300px) 100vw, 300px\" \/><\/p>\n<p style=\"text-align: center;\"><em><span style=\"color: #ff0000;\"><strong><span style=\"color: #000000;\">Paiement<\/span> <span style=\"color: #000000;\">Carte Bancaire<\/span><\/strong><\/span> <span style=\"color: #ff0000;\"><strong>100 % s\u00e9curis\u00e9 <\/strong><\/span><\/em><span style=\"color: #000000;\">aupr\u00e8s de notre <strong>secr\u00e9tariat<\/strong>, qui vous accueille et vous conseille par t\u00e9l\u00e9phone au <\/span><span style=\"color: #0000ff;\"><strong>01.77.62.03.67<\/strong><\/span> <span style=\"color: #000000;\">du <strong>lundi au vendredi de 9h \u00e0 19h<\/strong>. En dehors de ces horaires, le standard automatique prend le relais.<\/span><\/p>\n<p style=\"text-align: center;\"><span style=\"color: #000000;\">Ou directement en cliquant sur le voyant de votre choix sur le<\/span> <span style=\"color: #9454c4;\"><strong>planning des voyants<\/strong><\/span> :<\/p>\n<p style=\"text-align: center;\"><iframe loading=\"lazy\" src=\"https:\/\/moduleweb.dialotel.io\/modulweb\/token\/62398b5ca3d09\" width=\"100%\" height=\"800\" frameborder=\"0\"><\/iframe><\/p>\n<hr \/>\n<h4 style=\"text-align: center;\"><span style=\"color: #000000;\"><strong><span style=\"color: #ff0000;\"><span style=\"color: #333333;\"><span style=\"color: #7d59bd;\"><span style=\"color: #000000;\">\u2663<\/span>\u00a0 <span style=\"color: #ff0000;\">\u2665<\/span>\u00a0 <\/span><\/span><\/span><\/strong>Pour effectuer <strong>autrement<\/strong> votre<\/span> <span style=\"color: #9454c4;\">consultation de voyance <span style=\"color: #0000ff;\"><span style=\"color: #000000;\">par<\/span> t\u00e9l\u00e9phone<span style=\"color: #000000;\"><strong> <span style=\"color: #ff0000;\"><span style=\"color: #333333;\"><span style=\"color: #7d59bd;\"><span style=\"color: #ff0000;\"> \u2666<\/span>\u00a0 <span style=\"color: #000000;\">\u2660<\/span><\/span><\/span><\/span><\/strong><\/span><\/span><\/span><\/h4>\n<ul>\n<li><span style=\"color: #000000;\">Composez le num\u00e9ro suivant :\u00a0 \u00a0 \u00a0 \u00a0 \u00a0 \u00a0 \u00a0 \u00a0 \u00a0 \u00a0 \u00a0 \u00a0 \u00a0 \u00a0 <img loading=\"lazy\" decoding=\"async\" class=\"wp-image-403 size-medium aligncenter\" src=\"http:\/\/vibrations-spirituelles.fr\/wp-content\/uploads\/2018\/02\/Sans-titre16-Recovered-300x37.jpg\" alt=\"\" width=\"300\" height=\"37\" srcset=\"https:\/\/vibrations-spirituelles.fr\/wp-content\/uploads\/2018\/02\/Sans-titre16-Recovered-300x37.jpg 300w, https:\/\/vibrations-spirituelles.fr\/wp-content\/uploads\/2018\/02\/Sans-titre16-Recovered.jpg 394w\" sizes=\"auto, (max-width: 300px) 100vw, 300px\" \/><\/span><\/li>\n<li><span style=\"color: #000000;\">S\u00e9lectionnez le <span style=\"color: #7451a6;\"><strong>voyant<\/strong><\/span> de votre choix, aupr\u00e8s de notre <strong>service client<\/strong>.<\/span><\/li>\n<li><span style=\"color: #000000;\">Payez avec votre <strong>Carte Bancaire<\/strong> en toute confiance\u00a0<strong>=&gt; <\/strong><strong><span style=\"color: #ff0000;\">1,50\u20ac<\/span> \u00e0 <span style=\"color: #ff0000;\">4\u20ac<\/span><\/strong> la min. <strong>selon le medium.<\/strong><\/span><\/li>\n<li><span style=\"color: #000000;\">D\u00e9marrez votre <span style=\"color: #7451a6;\"><strong>consultation de voyance <\/strong><span style=\"color: #000000;\">par<\/span> <span style=\"color: #0000ff;\"><strong>t\u00e9l\u00e9phone<\/strong><\/span>.<\/span><\/span><\/li>\n<\/ul>\n<p><span style=\"color: #000000;\"><span style=\"color: #7451a6;\"><em><span style=\"color: #ff0000;\"><span style=\"color: #333333;\"><span style=\"color: #ff0000;\"><strong>ATTENTION :<\/strong><\/span> Le temps de communication ici n&#8217;est pas bloqu\u00e9 par avance. Le d\u00e9passement sera factur\u00e9 selon les conditions pr\u00e9cis\u00e9es ci-dessus.<\/span><\/span><\/em><br \/>\n<\/span><\/span><\/p>\n<hr \/>\n<div id=\"fb-root\"><img loading=\"lazy\" decoding=\"async\" class=\"alignnone wp-image-1184 size-large\" src=\"http:\/\/vibrations-spirituelles.fr\/wp-content\/uploads\/2019\/05\/dreamstimelarge_43751152-1024x401.jpg\" alt=\"\" width=\"1024\" height=\"401\" srcset=\"https:\/\/vibrations-spirituelles.fr\/wp-content\/uploads\/2019\/05\/dreamstimelarge_43751152-1024x401.jpg 1024w, https:\/\/vibrations-spirituelles.fr\/wp-content\/uploads\/2019\/05\/dreamstimelarge_43751152-300x117.jpg 300w, https:\/\/vibrations-spirituelles.fr\/wp-content\/uploads\/2019\/05\/dreamstimelarge_43751152-768x300.jpg 768w, https:\/\/vibrations-spirituelles.fr\/wp-content\/uploads\/2019\/05\/dreamstimelarge_43751152-1025x401.jpg 1025w\" sizes=\"auto, (max-width: 1024px) 100vw, 1024px\" \/><\/div>\n<p><script>(function(d, s, id) {<br \/>\n  var js, fjs = d.getElementsByTagName(s)[0];<br \/>\n  if (d.getElementById(id)) return;<br \/>\n  js = d.createElement(s); js.id = id;<br \/>\n  js.src = 'https:\/\/connect.facebook.net\/fr_FR\/sdk.js#xfbml=1&version=v2.12';<br \/>\n  fjs.parentNode.insertBefore(js, fjs);<br \/>\n}(document, 'script', 'facebook-jssdk'));<\/script><\/p>\n","protected":false},"excerpt":{"rendered":"<p>\u2663\u00a0 \u2665\u00a0 Bienvenue sur VIBRATIONS SPIRITUELLES\u00a0 \u2666\u00a0 \u2660 \u2663 \u2665 Pour ce mois de MARS 2026\u00a0\u2666 \u2660 Pour consulter tous nos TARIFS (en dehors des p\u00e9riodes de promotion), ainsi que <a href=\"https:\/\/vibrations-spirituelles.fr\/\" class=\"more-link\">[&hellip;]<\/a><\/p>\n","protected":false},"author":1,"featured_media":0,"parent":0,"menu_order":0,"comment_status":"closed","ping_status":"closed","template":"","meta":{"Layout":"","footnotes":""},"class_list":["entry","author-admin5388","post-165","page","type-page","status-publish"],"yoast_head":"<!-- This site is optimized with the Yoast SEO plugin v27.1.1 - https:\/\/yoast.com\/product\/yoast-seo-wordpress\/ -->\n<title>Consultations de voyance par t\u00e9l\u00e9phone, tchat et mail, en priv\u00e9\u00a0CB - Vibrations Spirituelles<\/title>\n<meta name=\"description\" content=\"Vibrations Spirituelles vous propose des consultations de voyance par t\u00e9l\u00e9phone en priv\u00e9, sans attente, en paiement par Carte Bancaire 100% s\u00e9curis\u00e9. Nos voyants sont de r\u00e9els voyants, test\u00e9s, qui oeuvrent avec passion et professionnalisme. Consultations de voyance par t\u00e9l\u00e9phone et par tchat accessibles tous les jours et \u00e0 toutes heures.\" \/>\n<meta name=\"robots\" content=\"index, follow, max-snippet:-1, max-image-preview:large, max-video-preview:-1\" \/>\n<link rel=\"canonical\" href=\"https:\/\/vibrations-spirituelles.fr\/\" \/>\n<meta property=\"og:locale\" content=\"en_US\" \/>\n<meta property=\"og:type\" content=\"article\" \/>\n<meta property=\"og:title\" content=\"Consultations de voyance par t\u00e9l\u00e9phone, tchat et mail, en priv\u00e9\u00a0CB - Vibrations Spirituelles\" \/>\n<meta property=\"og:description\" content=\"Vibrations Spirituelles vous propose des consultations de voyance par t\u00e9l\u00e9phone en priv\u00e9, sans attente, en paiement par Carte Bancaire 100% s\u00e9curis\u00e9. Nos voyants sont de r\u00e9els voyants, test\u00e9s, qui oeuvrent avec passion et professionnalisme. Consultations de voyance par t\u00e9l\u00e9phone et par tchat accessibles tous les jours et \u00e0 toutes heures.\" \/>\n<meta property=\"og:url\" content=\"https:\/\/vibrations-spirituelles.fr\/\" \/>\n<meta property=\"og:site_name\" content=\"Vibrations Spirituelles\" \/>\n<meta property=\"article:modified_time\" content=\"2026-03-05T20:36:46+00:00\" \/>\n<meta property=\"og:image\" content=\"https:\/\/vibrations-spirituelles.fr\/wp-content\/uploads\/2024\/11\/Capture-decran-2024-11-05-a-15.32.18.png\" \/>\n\t<meta property=\"og:image:width\" content=\"746\" \/>\n\t<meta property=\"og:image:height\" content=\"213\" \/>\n\t<meta property=\"og:image:type\" content=\"image\/png\" \/>\n<meta name=\"twitter:card\" content=\"summary_large_image\" \/>\n<meta name=\"twitter:label1\" content=\"Est. reading time\" \/>\n\t<meta name=\"twitter:data1\" content=\"3 minutes\" \/>\n<script type=\"application\/ld+json\" class=\"yoast-schema-graph\">{\"@context\":\"https:\/\/schema.org\",\"@graph\":[{\"@type\":\"WebPage\",\"@id\":\"https:\/\/vibrations-spirituelles.fr\/\",\"url\":\"https:\/\/vibrations-spirituelles.fr\/\",\"name\":\"Consultations de voyance par t\u00e9l\u00e9phone, tchat et mail, en priv\u00e9\u00a0CB - Vibrations Spirituelles\",\"isPartOf\":{\"@id\":\"https:\/\/vibrations-spirituelles.fr\/#website\"},\"primaryImageOfPage\":{\"@id\":\"https:\/\/vibrations-spirituelles.fr\/#primaryimage\"},\"image\":{\"@id\":\"https:\/\/vibrations-spirituelles.fr\/#primaryimage\"},\"thumbnailUrl\":\"http:\/\/vibrations-spirituelles.fr\/wp-content\/uploads\/2024\/11\/Capture-decran-2024-11-05-a-15.32.18.png\",\"datePublished\":\"2018-01-28T13:26:50+00:00\",\"dateModified\":\"2026-03-05T20:36:46+00:00\",\"description\":\"Vibrations Spirituelles vous propose des consultations de voyance par t\u00e9l\u00e9phone en priv\u00e9, sans attente, en paiement par Carte Bancaire 100% s\u00e9curis\u00e9. Nos voyants sont de r\u00e9els voyants, test\u00e9s, qui oeuvrent avec passion et professionnalisme. Consultations de voyance par t\u00e9l\u00e9phone et par tchat accessibles tous les jours et \u00e0 toutes heures.\",\"breadcrumb\":{\"@id\":\"https:\/\/vibrations-spirituelles.fr\/#breadcrumb\"},\"inLanguage\":\"en-US\",\"potentialAction\":[{\"@type\":\"ReadAction\",\"target\":[\"https:\/\/vibrations-spirituelles.fr\/\"]}]},{\"@type\":\"ImageObject\",\"inLanguage\":\"en-US\",\"@id\":\"https:\/\/vibrations-spirituelles.fr\/#primaryimage\",\"url\":\"https:\/\/vibrations-spirituelles.fr\/wp-content\/uploads\/2024\/11\/Capture-decran-2024-11-05-a-15.32.18.png\",\"contentUrl\":\"https:\/\/vibrations-spirituelles.fr\/wp-content\/uploads\/2024\/11\/Capture-decran-2024-11-05-a-15.32.18.png\",\"width\":746,\"height\":213},{\"@type\":\"BreadcrumbList\",\"@id\":\"https:\/\/vibrations-spirituelles.fr\/#breadcrumb\",\"itemListElement\":[{\"@type\":\"ListItem\",\"position\":1,\"name\":\"Accueil\",\"item\":\"https:\/\/vibrations-spirituelles.fr\/\"},{\"@type\":\"ListItem\",\"position\":2,\"name\":\"Consultations de voyance par t\u00e9l\u00e9phone, tchat et mail, en priv\u00e9\u00a0CB\"}]},{\"@type\":\"WebSite\",\"@id\":\"https:\/\/vibrations-spirituelles.fr\/#website\",\"url\":\"https:\/\/vibrations-spirituelles.fr\/\",\"name\":\"Vibrations Spirituelles\",\"description\":\"Voyance sans complaisance 01.77.62.03.67\",\"publisher\":{\"@id\":\"https:\/\/vibrations-spirituelles.fr\/#organization\"},\"potentialAction\":[{\"@type\":\"SearchAction\",\"target\":{\"@type\":\"EntryPoint\",\"urlTemplate\":\"https:\/\/vibrations-spirituelles.fr\/?s={search_term_string}\"},\"query-input\":{\"@type\":\"PropertyValueSpecification\",\"valueRequired\":true,\"valueName\":\"search_term_string\"}}],\"inLanguage\":\"en-US\"},{\"@type\":\"Organization\",\"@id\":\"https:\/\/vibrations-spirituelles.fr\/#organization\",\"name\":\"Vibrations Spirituelles\",\"url\":\"https:\/\/vibrations-spirituelles.fr\/\",\"logo\":{\"@type\":\"ImageObject\",\"inLanguage\":\"en-US\",\"@id\":\"https:\/\/vibrations-spirituelles.fr\/#\/schema\/logo\/image\/\",\"url\":\"https:\/\/vibrations-spirituelles.fr\/wp-content\/uploads\/2020\/06\/cropped-Logo-2020.jpeg\",\"contentUrl\":\"https:\/\/vibrations-spirituelles.fr\/wp-content\/uploads\/2020\/06\/cropped-Logo-2020.jpeg\",\"width\":77,\"height\":78,\"caption\":\"Vibrations Spirituelles\"},\"image\":{\"@id\":\"https:\/\/vibrations-spirituelles.fr\/#\/schema\/logo\/image\/\"}}]}<\/script>\n<!-- \/ Yoast SEO plugin. -->","yoast_head_json":{"title":"Consultations de voyance par t\u00e9l\u00e9phone, tchat et mail, en priv\u00e9\u00a0CB - Vibrations Spirituelles","description":"Vibrations Spirituelles vous propose des consultations de voyance par t\u00e9l\u00e9phone en priv\u00e9, sans attente, en paiement par Carte Bancaire 100% s\u00e9curis\u00e9. Nos voyants sont de r\u00e9els voyants, test\u00e9s, qui oeuvrent avec passion et professionnalisme. Consultations de voyance par t\u00e9l\u00e9phone et par tchat accessibles tous les jours et \u00e0 toutes heures.","robots":{"index":"index","follow":"follow","max-snippet":"max-snippet:-1","max-image-preview":"max-image-preview:large","max-video-preview":"max-video-preview:-1"},"canonical":"https:\/\/vibrations-spirituelles.fr\/","og_locale":"en_US","og_type":"article","og_title":"Consultations de voyance par t\u00e9l\u00e9phone, tchat et mail, en priv\u00e9\u00a0CB - Vibrations Spirituelles","og_description":"Vibrations Spirituelles vous propose des consultations de voyance par t\u00e9l\u00e9phone en priv\u00e9, sans attente, en paiement par Carte Bancaire 100% s\u00e9curis\u00e9. Nos voyants sont de r\u00e9els voyants, test\u00e9s, qui oeuvrent avec passion et professionnalisme. Consultations de voyance par t\u00e9l\u00e9phone et par tchat accessibles tous les jours et \u00e0 toutes heures.","og_url":"https:\/\/vibrations-spirituelles.fr\/","og_site_name":"Vibrations Spirituelles","article_modified_time":"2026-03-05T20:36:46+00:00","og_image":[{"width":746,"height":213,"url":"https:\/\/vibrations-spirituelles.fr\/wp-content\/uploads\/2024\/11\/Capture-decran-2024-11-05-a-15.32.18.png","type":"image\/png"}],"twitter_card":"summary_large_image","twitter_misc":{"Est. reading time":"3 minutes"},"schema":{"@context":"https:\/\/schema.org","@graph":[{"@type":"WebPage","@id":"https:\/\/vibrations-spirituelles.fr\/","url":"https:\/\/vibrations-spirituelles.fr\/","name":"Consultations de voyance par t\u00e9l\u00e9phone, tchat et mail, en priv\u00e9\u00a0CB - Vibrations Spirituelles","isPartOf":{"@id":"https:\/\/vibrations-spirituelles.fr\/#website"},"primaryImageOfPage":{"@id":"https:\/\/vibrations-spirituelles.fr\/#primaryimage"},"image":{"@id":"https:\/\/vibrations-spirituelles.fr\/#primaryimage"},"thumbnailUrl":"http:\/\/vibrations-spirituelles.fr\/wp-content\/uploads\/2024\/11\/Capture-decran-2024-11-05-a-15.32.18.png","datePublished":"2018-01-28T13:26:50+00:00","dateModified":"2026-03-05T20:36:46+00:00","description":"Vibrations Spirituelles vous propose des consultations de voyance par t\u00e9l\u00e9phone en priv\u00e9, sans attente, en paiement par Carte Bancaire 100% s\u00e9curis\u00e9. Nos voyants sont de r\u00e9els voyants, test\u00e9s, qui oeuvrent avec passion et professionnalisme. Consultations de voyance par t\u00e9l\u00e9phone et par tchat accessibles tous les jours et \u00e0 toutes heures.","breadcrumb":{"@id":"https:\/\/vibrations-spirituelles.fr\/#breadcrumb"},"inLanguage":"en-US","potentialAction":[{"@type":"ReadAction","target":["https:\/\/vibrations-spirituelles.fr\/"]}]},{"@type":"ImageObject","inLanguage":"en-US","@id":"https:\/\/vibrations-spirituelles.fr\/#primaryimage","url":"https:\/\/vibrations-spirituelles.fr\/wp-content\/uploads\/2024\/11\/Capture-decran-2024-11-05-a-15.32.18.png","contentUrl":"https:\/\/vibrations-spirituelles.fr\/wp-content\/uploads\/2024\/11\/Capture-decran-2024-11-05-a-15.32.18.png","width":746,"height":213},{"@type":"BreadcrumbList","@id":"https:\/\/vibrations-spirituelles.fr\/#breadcrumb","itemListElement":[{"@type":"ListItem","position":1,"name":"Accueil","item":"https:\/\/vibrations-spirituelles.fr\/"},{"@type":"ListItem","position":2,"name":"Consultations de voyance par t\u00e9l\u00e9phone, tchat et mail, en priv\u00e9\u00a0CB"}]},{"@type":"WebSite","@id":"https:\/\/vibrations-spirituelles.fr\/#website","url":"https:\/\/vibrations-spirituelles.fr\/","name":"Vibrations Spirituelles","description":"Voyance sans complaisance 01.77.62.03.67","publisher":{"@id":"https:\/\/vibrations-spirituelles.fr\/#organization"},"potentialAction":[{"@type":"SearchAction","target":{"@type":"EntryPoint","urlTemplate":"https:\/\/vibrations-spirituelles.fr\/?s={search_term_string}"},"query-input":{"@type":"PropertyValueSpecification","valueRequired":true,"valueName":"search_term_string"}}],"inLanguage":"en-US"},{"@type":"Organization","@id":"https:\/\/vibrations-spirituelles.fr\/#organization","name":"Vibrations Spirituelles","url":"https:\/\/vibrations-spirituelles.fr\/","logo":{"@type":"ImageObject","inLanguage":"en-US","@id":"https:\/\/vibrations-spirituelles.fr\/#\/schema\/logo\/image\/","url":"https:\/\/vibrations-spirituelles.fr\/wp-content\/uploads\/2020\/06\/cropped-Logo-2020.jpeg","contentUrl":"https:\/\/vibrations-spirituelles.fr\/wp-content\/uploads\/2020\/06\/cropped-Logo-2020.jpeg","width":77,"height":78,"caption":"Vibrations Spirituelles"},"image":{"@id":"https:\/\/vibrations-spirituelles.fr\/#\/schema\/logo\/image\/"}}]}},"_links":{"self":[{"href":"https:\/\/vibrations-spirituelles.fr\/index.php\/wp-json\/wp\/v2\/pages\/165","targetHints":{"allow":["GET"]}}],"collection":[{"href":"https:\/\/vibrations-spirituelles.fr\/index.php\/wp-json\/wp\/v2\/pages"}],"about":[{"href":"https:\/\/vibrations-spirituelles.fr\/index.php\/wp-json\/wp\/v2\/types\/page"}],"author":[{"embeddable":true,"href":"https:\/\/vibrations-spirituelles.fr\/index.php\/wp-json\/wp\/v2\/users\/1"}],"replies":[{"embeddable":true,"href":"https:\/\/vibrations-spirituelles.fr\/index.php\/wp-json\/wp\/v2\/comments?post=165"}],"version-history":[{"count":584,"href":"https:\/\/vibrations-spirituelles.fr\/index.php\/wp-json\/wp\/v2\/pages\/165\/revisions"}],"predecessor-version":[{"id":5582,"href":"https:\/\/vibrations-spirituelles.fr\/index.php\/wp-json\/wp\/v2\/pages\/165\/revisions\/5582"}],"wp:attachment":[{"href":"https:\/\/vibrations-spirituelles.fr\/index.php\/wp-json\/wp\/v2\/media?parent=165"}],"curies":[{"name":"wp","href":"https:\/\/api.w.org\/{rel}","templated":true}]}}