{"id":117,"date":"2018-01-28T12:37:00","date_gmt":"2018-01-28T11:37:00","guid":{"rendered":"http:\/\/vibrations-spirituelles.fr\/?page_id=117"},"modified":"2022-08-17T15:53:45","modified_gmt":"2022-08-17T13:53:45","slug":"consultation-de-voyance-par-audiotel-0-60-cts-minute","status":"publish","type":"page","link":"https:\/\/vibrations-spirituelles.fr\/index.php\/consultation-de-voyance-par-audiotel-0-60-cts-minute\/","title":{"rendered":"Consultation de voyance par Audiotel \u00e0 0,60cts la minute"},"content":{"rendered":"<h3 style=\"text-align: center;\"><span style=\"color: #000000;\">\u2663<\/span>\u00a0 <span style=\"color: #ff0000;\">\u2665<\/span>\u00a0 <span style=\"color: #000000;\">Vous avez des doutes, ou besoin de r\u00e9ponses \u00e0 des questions urgentes ?\u00a0 <span style=\"color: #ff0000;\">\u2666<\/span>\u00a0 \u2660<\/span><\/h3>\n<hr \/>\n<p style=\"text-align: center;\"><span style=\"color: #000000;\">Votre cabinet de<\/span><strong><span style=\"color: #000000;\"> voyance par<\/span> <span style=\"color: #0000ff;\">t\u00e9l\u00e9phone<\/span> <span class=\"il\" style=\"color: #7d59bd;\">VIBRATIONS SPIRITUELLES <\/span><\/strong> <span style=\"color: #000000;\">vous propose des <strong>consultations de voyance<\/strong> par<\/span> <strong><span style=\"color: #0000ff;\">Audiotel<\/span><span style=\"color: #000000;\">,\u00a024h\/24h<\/span><\/strong><span style=\"color: #000000;\"> et <strong>7j\/7j<\/strong>, \u00e0<\/span> <strong><span style=\"color: #ff0000;\">0,60cts <span style=\"color: #000000;\">la minute<\/span><\/span><\/strong><span style=\"color: #000000;\">, pr\u00e9lev\u00e9s directement sur votre facture t\u00e9l\u00e9phonique.<\/span><\/p>\n<hr \/>\n<table border=\"0\" width=\"100%\" cellspacing=\"0\" cellpadding=\"0\">\n<tbody>\n<tr>\n<td style=\"text-align: center;\" align=\"left\"><strong><span style=\"color: #000000;\"><em>&#8220;Nos voyants sont de r\u00e9els voyants, test\u00e9s, qui oeuvrent avec passion et professionnalisme&#8221;<\/em><\/span><\/strong><\/td>\n<\/tr>\n<\/tbody>\n<\/table>\n<hr \/>\n<p><span style=\"color: #000000;\">Pour cela, composez le num\u00e9ro suivant :<\/span><\/p>\n<p><img loading=\"lazy\" decoding=\"async\" class=\"size-medium wp-image-406 aligncenter\" src=\"http:\/\/vibrations-spirituelles.fr\/wp-content\/uploads\/2018\/02\/Sans-titre-19-300x37.jpg\" alt=\"\" width=\"300\" height=\"37\" srcset=\"https:\/\/vibrations-spirituelles.fr\/wp-content\/uploads\/2018\/02\/Sans-titre-19-300x37.jpg 300w, https:\/\/vibrations-spirituelles.fr\/wp-content\/uploads\/2018\/02\/Sans-titre-19.jpg 394w\" sizes=\"auto, (max-width: 300px) 100vw, 300px\" \/><\/p>\n<hr \/>\n<p><iframe loading=\"lazy\" src=\"https:\/\/app.dialotel.io\/modulweb\/audiotel_old\/1\/69\/1\/5?nbConsultantsPage=9&amp;nbAppels=0&amp;synergie=0&amp;telephone=&amp;mail=&amp;etranger=&amp;commentaires=&amp;rating=&amp;chat=&amp;forfait=&amp;rdv=&amp;codeExpert=1&amp;description=&amp;couleurFondIframe=%23ffffff&amp;couleurFondCadre=%23ffffff&amp;couleurTexte=%23a586ff&amp;couleurActif=%23&amp;couleurOccupe=%23&amp;couleurHorsLigne=%233f3f3f&amp;couleurRetourLe=%23&amp;couleurDescription=%23&amp;contourPhoto=&amp;typePhoto=0&amp;cadreVignette=&amp;specialites=\" width=\"100%\" height=\"800\" frameborder=\"0\"><\/iframe><\/p>\n<hr \/>\n<h3 style=\"text-align: center;\"><span style=\"color: #000000;\">\u2663<\/span>\u00a0 <span style=\"color: #ff0000;\">\u2665<\/span>\u00a0 <span style=\"color: #000000;\">Pour effectuer votre <strong><span class=\"il\" style=\"color: #7d59bd;\">consultation de voyance<\/span><\/strong>, rien de plus simple !\u00a0 <span style=\"color: #ff0000;\">\u2666<\/span>\u00a0 \u2660<\/span><\/h3>\n<ul>\n<li><span style=\"color: #000000;\">Consultez le <strong><span class=\"il\" style=\"color: #7d59bd;\">planning des voyants<\/span><\/strong><\/span><\/li>\n<li><span style=\"color: #000000;\">Composez le num\u00e9ro surtax\u00e9 :<\/span> \u00a0 \u00a0 \u00a0 \u00a0 \u00a0 \u00a0 \u00a0 \u00a0 \u00a0 \u00a0 \u00a0 \u00a0 \u00a0 \u00a0 \u00a0 \u00a0 \u00a0 \u00a0 \u00a0 \u00a0 \u00a0 \u00a0 \u00a0 \u00a0 \u00a0 \u00a0 \u00a0 \u00a0 \u00a0 \u00a0 \u00a0 \u00a0 \u00a0 \u00a0 \u00a0 \u00a0 \u00a0 <img loading=\"lazy\" decoding=\"async\" class=\"size-medium wp-image-406 aligncenter\" src=\"http:\/\/vibrations-spirituelles.fr\/wp-content\/uploads\/2018\/02\/Sans-titre-19-300x37.jpg\" alt=\"\" width=\"300\" height=\"37\" srcset=\"https:\/\/vibrations-spirituelles.fr\/wp-content\/uploads\/2018\/02\/Sans-titre-19-300x37.jpg 300w, https:\/\/vibrations-spirituelles.fr\/wp-content\/uploads\/2018\/02\/Sans-titre-19.jpg 394w\" sizes=\"auto, (max-width: 300px) 100vw, 300px\" \/><\/li>\n<li><span style=\"color: #000000;\">S\u00e9lectionnez le <span style=\"color: #7451a6;\"><strong>voyant<\/strong><\/span> de votre choix<\/span><\/li>\n<li style=\"text-align: center;\"><span style=\"color: #000000;\">D\u00e9marrez votre <span style=\"color: #7451a6;\"><strong>consultation de voyance<\/strong><\/span><\/span><\/li>\n<\/ul>\n","protected":false},"excerpt":{"rendered":"<p>\u2663\u00a0 \u2665\u00a0 Vous avez des doutes, ou besoin de r\u00e9ponses \u00e0 des questions urgentes ?\u00a0 \u2666\u00a0 \u2660 Votre cabinet de voyance par t\u00e9l\u00e9phone VIBRATIONS SPIRITUELLES vous propose des consultations de <a href=\"https:\/\/vibrations-spirituelles.fr\/index.php\/consultation-de-voyance-par-audiotel-0-60-cts-minute\/\" class=\"more-link\">[&hellip;]<\/a><\/p>\n","protected":false},"author":1,"featured_media":0,"parent":0,"menu_order":0,"comment_status":"closed","ping_status":"closed","template":"","meta":{"Layout":"","footnotes":""},"class_list":["entry","author-admin5388","post-117","page","type-page","status-publish"],"yoast_head":"<!-- This site is optimized with the Yoast SEO plugin v27.1.1 - https:\/\/yoast.com\/product\/yoast-seo-wordpress\/ -->\n<title>Consultation de voyance par Audiotel \u00e0 0,60cts la minute - Vibrations Spirituelles<\/title>\n<meta name=\"robots\" content=\"index, follow, max-snippet:-1, max-image-preview:large, max-video-preview:-1\" \/>\n<link rel=\"canonical\" href=\"https:\/\/vibrations-spirituelles.fr\/index.php\/consultation-de-voyance-par-audiotel-0-60-cts-minute\/\" \/>\n<meta property=\"og:locale\" content=\"en_US\" \/>\n<meta property=\"og:type\" content=\"article\" \/>\n<meta property=\"og:title\" content=\"Consultation de voyance par Audiotel \u00e0 0,60cts la minute - Vibrations Spirituelles\" \/>\n<meta property=\"og:description\" content=\"\u2663\u00a0 \u2665\u00a0 Vous avez des doutes, ou besoin de r\u00e9ponses \u00e0 des questions urgentes ?\u00a0 \u2666\u00a0 \u2660 Votre cabinet de voyance par t\u00e9l\u00e9phone VIBRATIONS SPIRITUELLES vous propose des consultations de [&hellip;]\" \/>\n<meta property=\"og:url\" content=\"https:\/\/vibrations-spirituelles.fr\/index.php\/consultation-de-voyance-par-audiotel-0-60-cts-minute\/\" \/>\n<meta property=\"og:site_name\" content=\"Vibrations Spirituelles\" \/>\n<meta property=\"article:modified_time\" content=\"2022-08-17T13:53:45+00:00\" \/>\n<meta property=\"og:image\" content=\"https:\/\/vibrations-spirituelles.fr\/wp-content\/uploads\/2018\/02\/Sans-titre-19.jpg\" \/>\n\t<meta property=\"og:image:width\" content=\"394\" \/>\n\t<meta property=\"og:image:height\" content=\"49\" \/>\n\t<meta property=\"og:image:type\" content=\"image\/jpeg\" \/>\n<meta name=\"twitter:card\" content=\"summary_large_image\" \/>\n<meta name=\"twitter:label1\" content=\"Est. reading time\" \/>\n\t<meta name=\"twitter:data1\" content=\"1 minute\" \/>\n<script type=\"application\/ld+json\" class=\"yoast-schema-graph\">{\"@context\":\"https:\/\/schema.org\",\"@graph\":[{\"@type\":\"WebPage\",\"@id\":\"https:\/\/vibrations-spirituelles.fr\/index.php\/consultation-de-voyance-par-audiotel-0-60-cts-minute\/\",\"url\":\"https:\/\/vibrations-spirituelles.fr\/index.php\/consultation-de-voyance-par-audiotel-0-60-cts-minute\/\",\"name\":\"Consultation de voyance par Audiotel \u00e0 0,60cts la minute - Vibrations Spirituelles\",\"isPartOf\":{\"@id\":\"https:\/\/vibrations-spirituelles.fr\/#website\"},\"primaryImageOfPage\":{\"@id\":\"https:\/\/vibrations-spirituelles.fr\/index.php\/consultation-de-voyance-par-audiotel-0-60-cts-minute\/#primaryimage\"},\"image\":{\"@id\":\"https:\/\/vibrations-spirituelles.fr\/index.php\/consultation-de-voyance-par-audiotel-0-60-cts-minute\/#primaryimage\"},\"thumbnailUrl\":\"http:\/\/vibrations-spirituelles.fr\/wp-content\/uploads\/2018\/02\/Sans-titre-19-300x37.jpg\",\"datePublished\":\"2018-01-28T11:37:00+00:00\",\"dateModified\":\"2022-08-17T13:53:45+00:00\",\"breadcrumb\":{\"@id\":\"https:\/\/vibrations-spirituelles.fr\/index.php\/consultation-de-voyance-par-audiotel-0-60-cts-minute\/#breadcrumb\"},\"inLanguage\":\"en-US\",\"potentialAction\":[{\"@type\":\"ReadAction\",\"target\":[\"https:\/\/vibrations-spirituelles.fr\/index.php\/consultation-de-voyance-par-audiotel-0-60-cts-minute\/\"]}]},{\"@type\":\"ImageObject\",\"inLanguage\":\"en-US\",\"@id\":\"https:\/\/vibrations-spirituelles.fr\/index.php\/consultation-de-voyance-par-audiotel-0-60-cts-minute\/#primaryimage\",\"url\":\"https:\/\/vibrations-spirituelles.fr\/wp-content\/uploads\/2018\/02\/Sans-titre-19.jpg\",\"contentUrl\":\"https:\/\/vibrations-spirituelles.fr\/wp-content\/uploads\/2018\/02\/Sans-titre-19.jpg\",\"width\":394,\"height\":49},{\"@type\":\"BreadcrumbList\",\"@id\":\"https:\/\/vibrations-spirituelles.fr\/index.php\/consultation-de-voyance-par-audiotel-0-60-cts-minute\/#breadcrumb\",\"itemListElement\":[{\"@type\":\"ListItem\",\"position\":1,\"name\":\"Accueil\",\"item\":\"https:\/\/vibrations-spirituelles.fr\/\"},{\"@type\":\"ListItem\",\"position\":2,\"name\":\"Consultation de voyance par Audiotel \u00e0 0,60cts la minute\"}]},{\"@type\":\"WebSite\",\"@id\":\"https:\/\/vibrations-spirituelles.fr\/#website\",\"url\":\"https:\/\/vibrations-spirituelles.fr\/\",\"name\":\"Vibrations Spirituelles\",\"description\":\"Voyance sans complaisance 01.77.62.03.67\",\"publisher\":{\"@id\":\"https:\/\/vibrations-spirituelles.fr\/#organization\"},\"potentialAction\":[{\"@type\":\"SearchAction\",\"target\":{\"@type\":\"EntryPoint\",\"urlTemplate\":\"https:\/\/vibrations-spirituelles.fr\/?s={search_term_string}\"},\"query-input\":{\"@type\":\"PropertyValueSpecification\",\"valueRequired\":true,\"valueName\":\"search_term_string\"}}],\"inLanguage\":\"en-US\"},{\"@type\":\"Organization\",\"@id\":\"https:\/\/vibrations-spirituelles.fr\/#organization\",\"name\":\"Vibrations Spirituelles\",\"url\":\"https:\/\/vibrations-spirituelles.fr\/\",\"logo\":{\"@type\":\"ImageObject\",\"inLanguage\":\"en-US\",\"@id\":\"https:\/\/vibrations-spirituelles.fr\/#\/schema\/logo\/image\/\",\"url\":\"https:\/\/vibrations-spirituelles.fr\/wp-content\/uploads\/2020\/06\/cropped-Logo-2020.jpeg\",\"contentUrl\":\"https:\/\/vibrations-spirituelles.fr\/wp-content\/uploads\/2020\/06\/cropped-Logo-2020.jpeg\",\"width\":77,\"height\":78,\"caption\":\"Vibrations Spirituelles\"},\"image\":{\"@id\":\"https:\/\/vibrations-spirituelles.fr\/#\/schema\/logo\/image\/\"}}]}<\/script>\n<!-- \/ Yoast SEO plugin. -->","yoast_head_json":{"title":"Consultation de voyance par Audiotel \u00e0 0,60cts la minute - Vibrations Spirituelles","robots":{"index":"index","follow":"follow","max-snippet":"max-snippet:-1","max-image-preview":"max-image-preview:large","max-video-preview":"max-video-preview:-1"},"canonical":"https:\/\/vibrations-spirituelles.fr\/index.php\/consultation-de-voyance-par-audiotel-0-60-cts-minute\/","og_locale":"en_US","og_type":"article","og_title":"Consultation de voyance par Audiotel \u00e0 0,60cts la minute - Vibrations Spirituelles","og_description":"\u2663\u00a0 \u2665\u00a0 Vous avez des doutes, ou besoin de r\u00e9ponses \u00e0 des questions urgentes ?\u00a0 \u2666\u00a0 \u2660 Votre cabinet de voyance par t\u00e9l\u00e9phone VIBRATIONS SPIRITUELLES vous propose des consultations de [&hellip;]","og_url":"https:\/\/vibrations-spirituelles.fr\/index.php\/consultation-de-voyance-par-audiotel-0-60-cts-minute\/","og_site_name":"Vibrations Spirituelles","article_modified_time":"2022-08-17T13:53:45+00:00","og_image":[{"width":394,"height":49,"url":"https:\/\/vibrations-spirituelles.fr\/wp-content\/uploads\/2018\/02\/Sans-titre-19.jpg","type":"image\/jpeg"}],"twitter_card":"summary_large_image","twitter_misc":{"Est. reading time":"1 minute"},"schema":{"@context":"https:\/\/schema.org","@graph":[{"@type":"WebPage","@id":"https:\/\/vibrations-spirituelles.fr\/index.php\/consultation-de-voyance-par-audiotel-0-60-cts-minute\/","url":"https:\/\/vibrations-spirituelles.fr\/index.php\/consultation-de-voyance-par-audiotel-0-60-cts-minute\/","name":"Consultation de voyance par Audiotel \u00e0 0,60cts la minute - Vibrations Spirituelles","isPartOf":{"@id":"https:\/\/vibrations-spirituelles.fr\/#website"},"primaryImageOfPage":{"@id":"https:\/\/vibrations-spirituelles.fr\/index.php\/consultation-de-voyance-par-audiotel-0-60-cts-minute\/#primaryimage"},"image":{"@id":"https:\/\/vibrations-spirituelles.fr\/index.php\/consultation-de-voyance-par-audiotel-0-60-cts-minute\/#primaryimage"},"thumbnailUrl":"http:\/\/vibrations-spirituelles.fr\/wp-content\/uploads\/2018\/02\/Sans-titre-19-300x37.jpg","datePublished":"2018-01-28T11:37:00+00:00","dateModified":"2022-08-17T13:53:45+00:00","breadcrumb":{"@id":"https:\/\/vibrations-spirituelles.fr\/index.php\/consultation-de-voyance-par-audiotel-0-60-cts-minute\/#breadcrumb"},"inLanguage":"en-US","potentialAction":[{"@type":"ReadAction","target":["https:\/\/vibrations-spirituelles.fr\/index.php\/consultation-de-voyance-par-audiotel-0-60-cts-minute\/"]}]},{"@type":"ImageObject","inLanguage":"en-US","@id":"https:\/\/vibrations-spirituelles.fr\/index.php\/consultation-de-voyance-par-audiotel-0-60-cts-minute\/#primaryimage","url":"https:\/\/vibrations-spirituelles.fr\/wp-content\/uploads\/2018\/02\/Sans-titre-19.jpg","contentUrl":"https:\/\/vibrations-spirituelles.fr\/wp-content\/uploads\/2018\/02\/Sans-titre-19.jpg","width":394,"height":49},{"@type":"BreadcrumbList","@id":"https:\/\/vibrations-spirituelles.fr\/index.php\/consultation-de-voyance-par-audiotel-0-60-cts-minute\/#breadcrumb","itemListElement":[{"@type":"ListItem","position":1,"name":"Accueil","item":"https:\/\/vibrations-spirituelles.fr\/"},{"@type":"ListItem","position":2,"name":"Consultation de voyance par Audiotel \u00e0 0,60cts la minute"}]},{"@type":"WebSite","@id":"https:\/\/vibrations-spirituelles.fr\/#website","url":"https:\/\/vibrations-spirituelles.fr\/","name":"Vibrations Spirituelles","description":"Voyance sans complaisance 01.77.62.03.67","publisher":{"@id":"https:\/\/vibrations-spirituelles.fr\/#organization"},"potentialAction":[{"@type":"SearchAction","target":{"@type":"EntryPoint","urlTemplate":"https:\/\/vibrations-spirituelles.fr\/?s={search_term_string}"},"query-input":{"@type":"PropertyValueSpecification","valueRequired":true,"valueName":"search_term_string"}}],"inLanguage":"en-US"},{"@type":"Organization","@id":"https:\/\/vibrations-spirituelles.fr\/#organization","name":"Vibrations Spirituelles","url":"https:\/\/vibrations-spirituelles.fr\/","logo":{"@type":"ImageObject","inLanguage":"en-US","@id":"https:\/\/vibrations-spirituelles.fr\/#\/schema\/logo\/image\/","url":"https:\/\/vibrations-spirituelles.fr\/wp-content\/uploads\/2020\/06\/cropped-Logo-2020.jpeg","contentUrl":"https:\/\/vibrations-spirituelles.fr\/wp-content\/uploads\/2020\/06\/cropped-Logo-2020.jpeg","width":77,"height":78,"caption":"Vibrations Spirituelles"},"image":{"@id":"https:\/\/vibrations-spirituelles.fr\/#\/schema\/logo\/image\/"}}]}},"_links":{"self":[{"href":"https:\/\/vibrations-spirituelles.fr\/index.php\/wp-json\/wp\/v2\/pages\/117","targetHints":{"allow":["GET"]}}],"collection":[{"href":"https:\/\/vibrations-spirituelles.fr\/index.php\/wp-json\/wp\/v2\/pages"}],"about":[{"href":"https:\/\/vibrations-spirituelles.fr\/index.php\/wp-json\/wp\/v2\/types\/page"}],"author":[{"embeddable":true,"href":"https:\/\/vibrations-spirituelles.fr\/index.php\/wp-json\/wp\/v2\/users\/1"}],"replies":[{"embeddable":true,"href":"https:\/\/vibrations-spirituelles.fr\/index.php\/wp-json\/wp\/v2\/comments?post=117"}],"version-history":[{"count":40,"href":"https:\/\/vibrations-spirituelles.fr\/index.php\/wp-json\/wp\/v2\/pages\/117\/revisions"}],"predecessor-version":[{"id":3855,"href":"https:\/\/vibrations-spirituelles.fr\/index.php\/wp-json\/wp\/v2\/pages\/117\/revisions\/3855"}],"wp:attachment":[{"href":"https:\/\/vibrations-spirituelles.fr\/index.php\/wp-json\/wp\/v2\/media?parent=117"}],"curies":[{"name":"wp","href":"https:\/\/api.w.org\/{rel}","templated":true}]}}